{"id":375,"date":"2018-02-25T18:10:07","date_gmt":"2018-02-25T16:10:07","guid":{"rendered":"http:\/\/www.intothesquare.org\/?page_id=375"},"modified":"2023-03-23T14:52:42","modified_gmt":"2023-03-23T12:52:42","slug":"about-the-expo","status":"publish","type":"page","link":"https:\/\/www.intothesquare.org\/az\/about-the-expo\/","title":{"rendered":"S\u0259rgi haqq\u0131nda"},"content":{"rendered":"\r\n<p>S\u0259rgi 8 Avropa \u00f6lk\u0259sind\u0259 20-d\u0259n \u00e7ox yeri g\u0259zdi. S\u0259rgi 2019-cu il \u0259rzind\u0259 Az\u0259rbaycanda (Bak\u0131da iki s\u0259rgi: Memarl\u0131q v\u0259 \u0130n\u015faat Universiteti v\u0259 YUNESKO-nun D\u00fcnya \u0130rs Siyah\u0131s\u0131nda olan K\u00f6hn\u0259 \u015f\u0259h\u0259rin q\u00fcll\u0259si) G\u00fcrc\u00fcstanda (iki s\u0259rgi: Tbilisi Milli Muzeyi v\u0259 Batumid\u0259 Shota Rustaveli D\u00f6vl\u0259t Universiteti il\u0259 \u0259m\u0259kda\u015fl\u0131qda t\u0259\u015fkil edilmi\u015fdir), Kozani, Yunan\u0131stan, yerli m\u0259kan memarlar\u0131n\u0131n v\u0259 s\u0259rgi sahibinin i\u015ftirak\u0131 il\u0259 bir iclas ke\u00e7irildi. 2019-cu ilin sonuna q\u0259d\u0259r s\u0259rgini \u0130spaniyan\u0131n Douro \u00e7ay\u0131 vadisind\u0259ki Trigueros del Valle orta \u0259srl\u0259r qalas\u0131nda ziyar\u0259t etm\u0259k olar. Avropada miras ili olan 2018-ci il \u00e7\u0259r\u00e7iv\u0259sind\u0259ki layih\u0259 bu \u00f6lk\u0259l\u0259rd\u0259 t\u0259qdim edildi: Rum\u0131niya (Buxarest, Sibiu, Bra\u015fov), \u0130spaniya (Salamanca, Valladolid, Campaspero Da\u015f Muzeyi, Torrelobat\u00f3n Orta \u0259sr qalas\u0131, Mucientes), T\u00fcrkiy\u0259 (\u0130stanbul), Bolqar\u0131stan (Sofiya), Yunan\u0131stan (A\u00e7\u0131q s\u0259rgil\u0259r \u0259yani antropoloji eksperimentinin ke\u00e7irildiyi Aromen ya\u015fay\u0131\u015f m\u0259nt\u0259q\u0259l\u0259ri, S\u0131rako v\u0259 Kalaritesd\u0259ki meydanlarda t\u0259\u015fkil edildi). 2017-ci ild\u0259 s\u0259rgi Pol\u015fan\u0131n Krakov \u015f\u0259h\u0259rind\u0259 t\u0259\u015fkil edilmi\u015fdir. 2016-c\u0131 ild\u0259 Rum\u0131niyada, Su\u021bu Saray\u0131nda, Mogo\u015foaia Saray\u0131nda, Vasile Urseanu Astronomiya R\u0259s\u0259dxanas\u0131nda v\u0259 Buxarest Universiteti \u018fd\u0259biyyat Fak\u00fclt\u0259sind\u0259 m\u00fcxt\u0259lif s\u0259rgil\u0259r ke\u00e7irildi.<\/p>\r\n\r\n\r\n<p><img loading=\"lazy\" decoding=\"async\" class=\"aligncenter wp-image-1278 size-large\" title=\"Tbilisi, Georgian National Museum\" src=\"https:\/\/www.intothesquare.org\/wp-content\/uploads\/2019\/06\/IMG_6447-1024x337.jpg\" alt=\"\" width=\"660\" height=\"217\" srcset=\"https:\/\/www.intothesquare.org\/wp-content\/uploads\/2019\/06\/IMG_6447-1024x337.jpg 1024w, https:\/\/www.intothesquare.org\/wp-content\/uploads\/2019\/06\/IMG_6447-300x99.jpg 300w, https:\/\/www.intothesquare.org\/wp-content\/uploads\/2019\/06\/IMG_6447-768x253.jpg 768w, https:\/\/www.intothesquare.org\/wp-content\/uploads\/2019\/06\/IMG_6447-1536x505.jpg 1536w, https:\/\/www.intothesquare.org\/wp-content\/uploads\/2019\/06\/IMG_6447.jpg 1575w\" sizes=\"auto, (max-width: 660px) 100vw, 660px\" \/><\/p>\r\n<p>Bu s\u0259rgi Avropan\u0131n bazar meydanlar\u0131na olan bax\u0131\u015f buca\u011f\u0131n\u0131 d\u0259yi\u015fm\u0259yi t\u0259klif edir. Bu, c\u0259sar\u0259tli bir ifad\u0259 kimi g\u00f6r\u00fcn\u0259 bil\u0259r, ancaq ilk n\u00f6vb\u0259d\u0259 v\u0259 h\u0259r \u015feyd\u0259n \u0259vv\u0259l bunu h\u0259rfi m\u0259nada ba\u015fa d\u00fc\u015fm\u0259k laz\u0131md\u0131r. Professional keyfiyy\u0259tli dronlar (hava fotoaparat\u0131) vasit\u0259sil\u0259 \u00e7\u0259kilmi\u015f foto\u015f\u0259kill\u0259r bir s\u0131ra tarixi Avropa \u015f\u0259h\u0259rl\u0259rind\u0259 meydanlar\u0131n havadan g\u00f6r\u00fcn\u00fc\u015f\u00fcn\u00fc \u0259ks etdirir. Avropan\u0131n k\u0259nar uclar\u0131nda yerl\u0259\u015f\u0259n Lissabon v\u0259 \u0130stanbul kimi tan\u0131nm\u0131\u015f paytaxtlardak\u0131 m\u0259h\u015fur meydanlar, \u0259srl\u0259r \u0259vv\u0259l t\u0259m\u0259ll\u0259ri qoyuldu\u011funda m\u0259rk\u0259zl\u0259rind\u0259 \u0259kilmi\u015f \u0259fsan\u0259vi \u00e7inar a\u011faclar\u0131 il\u0259 tan\u0131nan Pind Da\u011flar\u0131 \u0259razisind\u0259 yerl\u0259\u015f\u0259n Arum\u0131nlar ya\u015fay\u0131\u015f m\u0259nt\u0259q\u0259l\u0259rind\u0259ki daha az tan\u0131nan, amma he\u00e7 d\u0259 az maraql\u0131 olmayan meydanlarla birlikd\u0259 s\u0259rgil\u0259nmi\u015fdir.<\/p>\r\n<p><img loading=\"lazy\" decoding=\"async\" class=\"aligncenter wp-image-1322\" title=\"Istanbul, Fulya Sanat Exhibition Center\" src=\"https:\/\/www.intothesquare.org\/wp-content\/uploads\/2019\/06\/34691825_1539930726129259_5706047409184833536_o-e1561185606617.jpg\" alt=\"\" width=\"788\" height=\"402\" srcset=\"https:\/\/www.intothesquare.org\/wp-content\/uploads\/2019\/06\/34691825_1539930726129259_5706047409184833536_o-e1561185606617.jpg 752w, https:\/\/www.intothesquare.org\/wp-content\/uploads\/2019\/06\/34691825_1539930726129259_5706047409184833536_o-e1561185606617-300x153.jpg 300w\" sizes=\"auto, (max-width: 788px) 100vw, 788px\" \/><\/p>\r\n<p>Dron fotoqraf\u00e7\u0131l\u0131\u011f\u0131 texniki olaraq Frans\u0131z dilind\u0259 <em>&#8220;vol d&#8217;oiseau&#8221;<\/em> v\u0259 \u0130ngilis dilind\u0259 <em>&#8220;qu\u015f g\u00f6z\u00fc il\u0259 g\u00f6r\u00fcnt\u00fc&#8221;<\/em> olaraq adland\u0131ra bil\u0259c\u0259yimiz foto\u015f\u0259kill\u0259r \u0259rs\u0259y\u0259 g\u0259tirir. Bu, texniki v\u0259 b\u0259dii dill\u0259rin u\u011furla k\u0259si\u015fdiyi az saydak\u0131 m\u00fc\u0259ssis\u0259l\u0259rd\u0259n biridir. Qu\u015f g\u00f6z\u00fc il\u0259 g\u00f6r\u00fcnt\u00fc, dem\u0259k olar ki, istisnas\u0131z v\u0259 m\u00f6ht\u0259\u015f\u0259mdir. Bu g\u00f6r\u00fcnt\u00fc eyni zamanda, bir insan\u0131n n\u0259y\u0259 qadir ola bil\u0259c\u0259yini a\u015f\u0131lamaq \u00fcst\u00fcnl\u00fcy\u00fcn\u0259 malikdir: \u0259z\u0259m\u0259tli bir yarad\u0131l\u0131\u015f\u0131n varl\u0131\u011f\u0131 dem\u0259kdir. Bel\u0259likl\u0259, s\u0259rgi bizim h\u0259m d\u0259 m\u0259cazi anlamda meydanlarla ba\u011fl\u0131 bax\u0131\u015f buca\u011f\u0131m\u0131z\u0131 d\u0259yi\u015fm\u0259y\u0259 \u00e7al\u0131\u015f\u0131r.<\/p>\r\n<figure id=\"attachment_1318\" aria-describedby=\"caption-attachment-1318\" style=\"width: 524px\" class=\"wp-caption alignleft\"><img loading=\"lazy\" decoding=\"async\" class=\"wp-image-1318 \" title=\"Palacio Anya (World Heritage List), Salamnca, Spain\" src=\"https:\/\/www.intothesquare.org\/wp-content\/uploads\/2019\/06\/IMG_0017-1024x686.jpg\" alt=\"Palacio Anya (World Heritage List), Salamnca, Spain\" width=\"524\" height=\"351\" srcset=\"https:\/\/www.intothesquare.org\/wp-content\/uploads\/2019\/06\/IMG_0017-1024x686.jpg 1024w, https:\/\/www.intothesquare.org\/wp-content\/uploads\/2019\/06\/IMG_0017-300x201.jpg 300w, https:\/\/www.intothesquare.org\/wp-content\/uploads\/2019\/06\/IMG_0017-768x514.jpg 768w, https:\/\/www.intothesquare.org\/wp-content\/uploads\/2019\/06\/IMG_0017.jpg 1417w\" sizes=\"auto, (max-width: 524px) 100vw, 524px\" \/><figcaption id=\"caption-attachment-1318\" class=\"wp-caption-text\">Palacio Anaya (building on UNESCO World Heritage List), Salamanca, Spain<\/figcaption><\/figure>\r\n<p>Bu b\u0259lli bir h\u0259qiq\u0259tdir ki, meydanlar ya\u015fay\u0131\u015f m\u0259nt\u0259q\u0259l\u0259rind\u0259n uzaqda deyil, daha \u00e7ox onlar\u0131n m\u0259rk\u0259zind\u0259 yerl\u0259\u015fir. Bu, meydan\u0131 \u0259traf m\u00fchitl\u0259 \u0259laq\u0259l\u0259ndirdikd\u0259 onun \u0259sas xarakterin\u0259 v\u0259 onun h\u0259m antropoloji, h\u0259m d\u0259 visual olaraq m\u00fc\u0259yy\u0259nl\u0259\u015fdirilm\u0259si \u00fc\u00e7\u00fcn \u0259n d\u0259qiq \u00fcsuluna g\u0259tirib \u00e7\u0131xar\u0131r. \u0130st\u0259r t\u0259bii yolla, ist\u0259rs\u0259 d\u0259 \u0259vv\u0259lc\u0259d\u0259n qurulmu\u015f diaqramlar v\u0259 h\u00f6rm\u0259 torlar \u00fcz\u0259rind\u0259 yarad\u0131lm\u0131\u015f v\u0259 yaln\u0131z yuxar\u0131dan g\u00f6r\u00fclm\u0259si m\u00fcmk\u00fcn olan bu \u015f\u0259h\u0259rl\u0259rin t\u0259rtibat\u0131 meydan\u0131n m\u0259kan\u0131 v\u0259 onu xaricind\u0259ki m\u0259kan aras\u0131ndak\u0131 fundamental s\u0131xl\u0131\u011f\u0131 g\u00f6z \u00f6n\u00fcnd\u0259 s\u0259rgil\u0259yir. Qapal\u0131 m\u0259kana qar\u015f\u0131 a\u00e7\u0131q m\u0259kan. &nbsp;H\u0259r\u0259k\u0259tsiz m\u0259kana qar\u015f\u0131 h\u0259r\u0259k\u0259tli m\u0259kan. \u0130nsanlar \u00fc\u00e7\u00fcn olan \u015f\u0259h\u0259rl\u0259r haqq\u0131nda Jan Qehl \u015f\u0259h\u0259rin iki hiss\u0259si aras\u0131ndak\u0131 f\u0259rqi bel\u0259 t\u0259svir edir: \u201dK\u00fc\u00e7\u0259l\u0259r orada h\u0259r\u0259k\u0259t etm\u0259k fikrini do\u011furursa \u2013 \u201cbuyurun, davam edin!\u201d \u2013 psixoloji d\u00fc\u015f\u00fcnc\u0259 bax\u0131m\u0131ndan meydanlar orada asud\u0259 vaxt ke\u00e7irm\u0259k \u00fc\u00e7\u00fcndur.&nbsp; Dola\u015f\u0131m m\u0259kanlar\u0131 bizd\u0259n yaln\u0131z h\u0259r\u0259k\u0259t etm\u0259yimizi ist\u0259yir. Meydanlar is\u0259 deyir ki, g\u0259lin dayan\u0131n v\u0259 burada vaxtil\u0259 n\u0259l\u0259rin ba\u015f verdiyin\u0259 \u015fahid olun! H\u0259m ayaqlar, h\u0259m d\u0259 g\u00f6zl\u0259r tarix v\u0259 \u015f\u0259h\u0259rsalma \u00fcz\u0259rind\u0259 \u00f6z silinm\u0259z izl\u0259rini qoymu\u015fdur. \u015e\u0259h\u0259r memarl\u0131\u011f\u0131n\u0131n \u0259sas vahidl\u0259ri h\u0259r\u0259k\u0259t m\u0259kanlar\u0131 \u2013 y\u0259ni k\u00fc\u00e7\u0259l\u0259r v\u0259 onu biz\u0259 tan\u0131dan m\u0259kanlar\u0131d\u0131r \u2013 y\u0259ni meydanlar\u201d.<\/p>\r\n<figure id=\"attachment_1341\" aria-describedby=\"caption-attachment-1341\" style=\"width: 498px\" class=\"wp-caption alignright\"><img loading=\"lazy\" decoding=\"async\" class=\"wp-image-1341 \" title=\"Openair exhibition in the square of a Greek village in Pindus Mountains\" src=\"https:\/\/www.intothesquare.org\/wp-content\/uploads\/2019\/06\/IMG_3953-1024x596.jpg\" alt=\"Openair exhibition in the square of a Greek village in Pindus Mountains\" width=\"498\" height=\"290\" srcset=\"https:\/\/www.intothesquare.org\/wp-content\/uploads\/2019\/06\/IMG_3953-1024x596.jpg 1024w, https:\/\/www.intothesquare.org\/wp-content\/uploads\/2019\/06\/IMG_3953-300x175.jpg 300w, https:\/\/www.intothesquare.org\/wp-content\/uploads\/2019\/06\/IMG_3953-768x447.jpg 768w, https:\/\/www.intothesquare.org\/wp-content\/uploads\/2019\/06\/IMG_3953.jpg 1100w\" sizes=\"auto, (max-width: 498px) 100vw, 498px\" \/><figcaption id=\"caption-attachment-1341\" class=\"wp-caption-text\">Openair exhibition in the square of a Greek village in Pindus Mountains<\/figcaption><\/figure>\r\n<p>S\u0259rgi 8 Avropa \u00f6lk\u0259sind\u0259 20-d\u0259n \u00e7ox yeri g\u0259zdi. S\u0259rgi 2019-cu il \u0259rzind\u0259 Az\u0259rbaycanda (Bak\u0131da iki s\u0259rgi: Memarl\u0131q v\u0259 \u0130n\u015faat Universiteti v\u0259 YUNESKO-nun D\u00fcnya \u0130rs Siyah\u0131s\u0131nda olan K\u00f6hn\u0259 \u015f\u0259h\u0259rin q\u00fcll\u0259si) G\u00fcrc\u00fcstanda (iki s\u0259rgi: Tbilisi Milli Muzeyi v\u0259 Batumid\u0259 Shota Rustaveli D\u00f6vl\u0259t Universiteti il\u0259 \u0259m\u0259kda\u015fl\u0131qda t\u0259\u015fkil edilmi\u015fdir), Kozani, Yunan\u0131stan, yerli m\u0259kan memarlar\u0131n\u0131n v\u0259 s\u0259rgi sahibinin i\u015ftirak\u0131 il\u0259 bir iclas ke\u00e7irildi. 2019-cu ilin sonuna q\u0259d\u0259r s\u0259rgini \u0130spaniyan\u0131n Douro \u00e7ay\u0131 vadisind\u0259ki Trigueros del Valle orta \u0259srl\u0259r qalas\u0131nda ziyar\u0259t etm\u0259k olar. Avropada miras ili olan 2018-ci il \u00e7\u0259r\u00e7iv\u0259sind\u0259ki layih\u0259 bu \u00f6lk\u0259l\u0259rd\u0259 t\u0259qdim edildi: Rum\u0131niya (Buxarest, Sibiu, Bra\u015fov), \u0130spaniya (Salamanca, Valladolid, Campaspero Da\u015f Muzeyi, Torrelobat\u00f3n Orta \u0259sr qalas\u0131, Mucientes), T\u00fcrkiy\u0259 (\u0130stanbul), Bolqar\u0131stan (Sofiya), Yunan\u0131stan (A\u00e7\u0131q s\u0259rgil\u0259r \u0259yani antropoloji eksperimentinin ke\u00e7irildiyi Aromen ya\u015fay\u0131\u015f m\u0259nt\u0259q\u0259l\u0259ri, S\u0131rako v\u0259 Kalaritesd\u0259ki meydanlarda t\u0259\u015fkil edildi). 2017-ci ild\u0259 s\u0259rgi Pol\u015fan\u0131n Krakov \u015f\u0259h\u0259rind\u0259 t\u0259\u015fkil edilmi\u015fdir. 2016-c\u0131 ild\u0259 Rum\u0131niyada, Su\u021bu Saray\u0131nda, Mogo\u015foaia Saray\u0131nda, Vasile Urseanu Astronomiya R\u0259s\u0259dxanas\u0131nda v\u0259 Buxarest Universiteti \u018fd\u0259biyyat Fak\u00fclt\u0259sind\u0259 m\u00fcxt\u0259lif s\u0259rgil\u0259r ke\u00e7irildi.<\/p>\r\n<p><img loading=\"lazy\" decoding=\"async\" class=\"alignleft size-full wp-image-1321\" src=\"https:\/\/www.intothesquare.org\/wp-content\/uploads\/2019\/06\/34669123_1539930829462582_4768687139183394816_o.jpg\" alt=\"\" width=\"768\" height=\"370\" srcset=\"https:\/\/www.intothesquare.org\/wp-content\/uploads\/2019\/06\/34669123_1539930829462582_4768687139183394816_o.jpg 768w, https:\/\/www.intothesquare.org\/wp-content\/uploads\/2019\/06\/34669123_1539930829462582_4768687139183394816_o-300x145.jpg 300w\" sizes=\"auto, (max-width: 768px) 100vw, 768px\" \/><\/p>\r\n\r\n\r\n<p><\/p>\r\n\r\n\r\n\r\n<p><\/p>\r\n","protected":false},"excerpt":{"rendered":"<p>S\u0259rgi 8 Avropa \u00f6lk\u0259sind\u0259 20-d\u0259n \u00e7ox yeri g\u0259zdi. S\u0259rgi 2019-cu il \u0259rzind\u0259 Az\u0259rbaycanda (Bak\u0131da iki s\u0259rgi: Memarl\u0131q v\u0259 \u0130n\u015faat Universiteti v\u0259 YUNESKO-nun D\u00fcnya \u0130rs Siyah\u0131s\u0131nda olan K\u00f6hn\u0259 \u015f\u0259h\u0259rin q\u00fcll\u0259si) G\u00fcrc\u00fcstanda (iki s\u0259rgi: Tbilisi Milli Muzeyi v\u0259 Batumid\u0259 Shota Rustaveli D\u00f6vl\u0259t Universiteti il\u0259 \u0259m\u0259kda\u015fl\u0131qda t\u0259\u015fkil edilmi\u015fdir), Kozani, Yunan\u0131stan, yerli m\u0259kan memarlar\u0131n\u0131n v\u0259 s\u0259rgi sahibinin i\u015ftirak\u0131 il\u0259 &hellip; <a href=\"https:\/\/www.intothesquare.org\/az\/about-the-expo\/\" class=\"more-link\">Continue reading <span class=\"screen-reader-text\">S\u0259rgi haqq\u0131nda<\/span><\/a><\/p>\n","protected":false},"author":2,"featured_media":0,"parent":0,"menu_order":0,"comment_status":"closed","ping_status":"closed","template":"","meta":{"footnotes":""},"class_list":["post-375","page","type-page","status-publish","hentry"],"translation":{"provider":"WPGlobus","version":"3.0.0","language":"az","enabled_languages":["en","tr","ro","es","it","gr","az","pl","ge","pt"],"languages":{"en":{"title":true,"content":true,"excerpt":false},"tr":{"title":false,"content":true,"excerpt":false},"ro":{"title":false,"content":true,"excerpt":false},"es":{"title":false,"content":true,"excerpt":false},"it":{"title":false,"content":true,"excerpt":false},"gr":{"title":true,"content":true,"excerpt":false},"az":{"title":true,"content":true,"excerpt":false},"pl":{"title":false,"content":true,"excerpt":false},"ge":{"title":false,"content":true,"excerpt":false},"pt":{"title":false,"content":true,"excerpt":false}}},"_links":{"self":[{"href":"https:\/\/www.intothesquare.org\/az\/wp-json\/wp\/v2\/pages\/375","targetHints":{"allow":["GET"]}}],"collection":[{"href":"https:\/\/www.intothesquare.org\/az\/wp-json\/wp\/v2\/pages"}],"about":[{"href":"https:\/\/www.intothesquare.org\/az\/wp-json\/wp\/v2\/types\/page"}],"author":[{"embeddable":true,"href":"https:\/\/www.intothesquare.org\/az\/wp-json\/wp\/v2\/users\/2"}],"replies":[{"embeddable":true,"href":"https:\/\/www.intothesquare.org\/az\/wp-json\/wp\/v2\/comments?post=375"}],"version-history":[{"count":0,"href":"https:\/\/www.intothesquare.org\/az\/wp-json\/wp\/v2\/pages\/375\/revisions"}],"wp:attachment":[{"href":"https:\/\/www.intothesquare.org\/az\/wp-json\/wp\/v2\/media?parent=375"}],"curies":[{"name":"wp","href":"https:\/\/api.w.org\/{rel}","templated":true}]}}