{"id":872,"date":"2018-07-26T20:36:22","date_gmt":"2018-07-26T17:36:22","guid":{"rendered":"http:\/\/www.intothesquare.org\/?page_id=872"},"modified":"2020-02-05T08:28:12","modified_gmt":"2020-02-05T06:28:12","slug":"in-press","status":"publish","type":"page","link":"https:\/\/www.intothesquare.org\/es\/in-press\/","title":{"rendered":"In press"},"content":{"rendered":"<h5><span style=\"color: #000000;\"><span style=\"font-family: Calibri, sans-serif;\"><span style=\"font-size: large;\">Rom\u00e2nia<\/span><\/span><\/span><\/h5>\n<p><a href=\"http:\/\/arhiva.romlit.ro\/index.pl\/retorica_pieelor_i_ochiul_antropologului\"><span style=\"color: #000000;\"><span style=\"font-family: Calibri, sans-serif;\"><span style=\"font-size: large;\">Rom\u00e2nia literar\u0103<\/span><\/span><\/span><\/a><\/p>\n<p>\u00a0<\/p>\n<p><a href=\"https:\/\/revistacultura.ro\/2019\/interviu-cu-catalin-d-constantin-usurinta-cu-care-ajungi-la-informatie-este-un-inamic-al-acelei-informatii\/\">Interviu cu C\u0103t\u0103lin D. Constantin. \u201eU\u0219urin\u021ba cu care ajungi la informa\u021bie este un inamic al acelei informa\u021bii\u201d<\/a><\/p>\n<p><a href=\"https:\/\/www.b-critic.ro\/arte\/depozitul-de-arta\/ba-din-drona-ba-de-la-firul-ierbii\/\">Ba din dron\u0103, ba de la firul ierbii<\/a><\/p>\n<p><a href=\"https:\/\/www.memoria-ethnologica.ro\/articol\/orase-in-rezumat-piete-din-europa-si-istoriile-lor-de-catalin-d-constantin-arhitectura-ca-mod-de-viata\/\">Carmen D\u0103r\u0103bu\u0219 \u00een Memoria Ethnologica<\/a><\/p>\n<p><a href=\"https:\/\/revistacultura.ro\/2019\/interviu-cu-catalin-d-constantin-usurinta-cu-care-ajungi-la-informatie-este-un-inamic-al-acelei-informatii\/\">Interviu cu C\u0103t\u0103lin D. Constantin. \u201eU\u0219urin\u021ba cu care ajungi la informa\u021bie este un inamic al acelei informa\u021bii\u201d<\/a><\/p>\n<p><a href=\"https:\/\/evz.ro\/firul-rosu-care-uneste-agora-antichitatii-grecesti-de-piata-orase.html?fbclid=IwAR1lufoajNYVSpDF3mv7iM2lr7fnddIgkxcX9wJ4nXI1VG8LzbS8Mn121Fs\">Evenimentul Zilei despre expozi\u021bia la Tbilisi<\/a><\/p>\n<p><a href=\"https:\/\/www.b-critic.ro\/arte\/depozitul-de-arta\/nu-poti-sa-vezi-in-intregime-o-piata-din-piata\/\">B-Critic despre expozi\u021bia de la Tbilisi<\/a><\/p>\n<p><a href=\"https:\/\/www.b-critic.ro\/arte\/arta-plastica-art-hunter\/piete-din-europa-si-istoriile-lor-isi-continua-periplul-georgian\/\">B-Critic despre itinerarea \u00een Georgia<\/a><\/p>\n<p><a href=\"https:\/\/revistacultura.ro\/2019\/piata-ca-loc-viu-al-orasului-european-o-perspectiva-arhitecturala-si-antropologica\/?fbclid=IwAR01YAcycw85Gux8_ShP_4tzoWTbbSGX-TPEpZdw9O3u8QuqSp09yIV5JbM\">Revista Cultura despre expozi\u021bia de la Tbilisi<\/a><\/p>\n<p><a href=\"https:\/\/revistacultura.ro\/2019\/piete-din-europa-cu-istorii-si-controverse\/\">Revista Cultura despre expozi\u021bia de la Kozani<\/a><\/p>\n<p><a href=\"https:\/\/www.mixcloud.com\/RadioRomaniaCultural\/dilema-veche-la-timpul-prezent-pie\u0163e-din-bucure\u015fti\/?fbclid=IwAR1rmYZQTniVVk1JcwMzNEXzwlYD3ZwRkvGvWuPqjfzdIGzada9k6VLDEVQ\">Radio Rom\u00e2nia Cultural\u00a0<\/a><\/p>\n<p><a href=\"https:\/\/www.digi24.ro\/emisiuni\/da-te-la-o-carte\/da-te-la-o-carte-7-aprilie-19-50-909150\"><span style=\"color: #000000;\"><span style=\"font-family: Calibri, sans-serif;\"><span style=\"font-size: large;\">https:\/\/www.digi24.ro\/emisiuni\/da-te-la-o-carte\/da-te-la-o-carte-7-aprilie-19-50-909150<\/span><\/span><\/span><\/a><\/p>\n<p><a href=\"https:\/\/www.cotidianul.ro\/cartea-din-aer\/\"><span style=\"color: #000000;\"><span style=\"font-family: Calibri, sans-serif;\"><span style=\"font-size: large;\">https:\/\/www.cotidianul.ro\/cartea-din-aer\/<\/span><\/span><\/span><\/a><\/p>\n<p><a href=\"https:\/\/www.hotnews.ro\/stiri-perspektiva-22345798-16-18-martie-fericiri-weekend-carte-facuta-creier-drona-protestul-cesereanu-one-world-11-licitatia-elefantului-lui-dali.htm\"><span style=\"color: #000000;\"><span style=\"font-family: Calibri, sans-serif;\"><span style=\"font-size: large;\">https:\/\/www.hotnews.ro\/stiri-perspektiva-22345798-16-18-martie-fericiri-weekend-carte-facuta-creier-drona-protestul-cesereanu-one-world-11-licitatia-elefantului-lui-dali.htm<\/span><\/span><\/span><\/a><\/p>\n<p><a href=\"https:\/\/www.youtube.com\/watch?v=WYCRTvIh2U4&#038;feature=share\"><span style=\"color: #000000;\"><span style=\"font-family: Calibri, sans-serif;\"><span style=\"font-size: large;\">https:\/\/www.youtube.com\/watch?v=WYCRTvIh2U4&#038;feature=share<\/span><\/span><\/span><\/a><\/p>\n<p><a href=\"https:\/\/www.digi24.ro\/special\/reportaje\/reportaj\/de-ce-nu-are-bucurestiul-o-piata-centrala-620976\"><span style=\"color: #000000;\"><span style=\"font-family: Calibri, sans-serif;\"><span style=\"font-size: large;\">https:\/\/www.digi24.ro\/special\/reportaje\/reportaj\/de-ce-nu-are-bucurestiul-o-piata-centrala-620976<\/span><\/span><\/span><\/a><\/p>\n<p><a href=\"http:\/\/www.b-critic.ro\/arte\/multimedia\/pietele-europene-si-povestile-lor-multimedia\/\"><span style=\"color: #000000;\"><span style=\"font-family: Calibri, sans-serif;\"><span style=\"font-size: large;\">http:\/\/www.b-critic.ro\/arte\/multimedia\/pietele-europene-si-povestile-lor-multimedia\/<\/span><\/span><\/span><\/a><\/p>\n<p><a href=\"https:\/\/www.danagont.ro\/piete-din-europa-si-istoriile-lor-catalin-d-constantin\/\"><span style=\"color: #000000;\"><span style=\"font-family: Calibri, sans-serif;\"><span style=\"font-size: large;\">https:\/\/www.danagont.ro\/piete-din-europa-si-istoriile-lor-catalin-d-constantin\/<\/span><\/span><\/span><\/a><\/p>\n<p><a href=\"http:\/\/www.romaniapozitiva.ro\/bucuresti\/vernisaj-si-lansare-de-carte-catalin-d-constantin-orase-in-rezumat-piete-din-europa-si-istoriile-lor\/\"><span style=\"color: #000000;\"><span style=\"font-family: Calibri, sans-serif;\"><span style=\"font-size: large;\">http:\/\/www.romaniapozitiva.ro\/bucuresti\/vernisaj-si-lansare-de-carte-catalin-d-constantin-orase-in-rezumat-piete-din-europa-si-istoriile-lor\/<\/span><\/span><\/span><\/a><\/p>\n<p><a href=\"https:\/\/www.bookaholic.ro\/evenimentcultural\/lansarea-cartii-orase-in-rezumat-piete-din-europa-si-istoriile-lor-de-catalin-d-constantin\"><span style=\"color: #000000;\"><span style=\"font-family: Calibri, sans-serif;\"><span style=\"font-size: large;\">https:\/\/www.bookaholic.ro\/evenimentcultural\/lansarea-cartii-orase-in-rezumat-piete-din-europa-si-istoriile-lor-de-catalin-d-constantin<\/span><\/span><\/span><\/a><\/p>\n<p><a href=\"http:\/\/www.uarsibiu.ro\/wp-content\/uploads\/2018\/04\/BIUAR_APRILIE_2018.pdf\"><span style=\"color: #000000;\"><span style=\"font-family: Calibri, sans-serif;\"><span style=\"font-size: large;\">http:\/\/www.uarsibiu.ro\/wp-content\/uploads\/2018\/04\/BIUAR_APRILIE_2018.pdf<\/span><\/span><\/span><\/a><\/p>\n<p><span style=\"color: #000000;\"><span style=\"font-family: Calibri, sans-serif;\"><span style=\"font-size: large;\">(p.27 \u2013 35. Cu linkuri catre audio, video si foto ale conferin\u021bei de la Sibiu)<\/span><\/span><\/span><\/p>\n<p><a href=\"http:\/\/www.uarsibiu.ro\/wp-content\/uploads\/2018\/04\/BIUAR_Martie_2018.pdf\"><span style=\"color: #000000;\"><span style=\"font-family: Calibri, sans-serif;\"><span style=\"font-size: large;\">http:\/\/www.uarsibiu.ro\/wp-content\/uploads\/2018\/04\/BIUAR_Martie_2018.pdf<\/span><\/span><\/span><\/a><\/p>\n<p><a href=\"http:\/\/www.mesageruldesibiu.ro\/catalin-d-constantin-un-oras-poate-fi-citit-asa-cum-citesti-o-carte\/\"><span style=\"color: #000000;\"><span style=\"font-family: Calibri, sans-serif;\"><span style=\"font-size: large;\">http:\/\/www.mesageruldesibiu.ro\/catalin-d-constantin-un-oras-poate-fi-citit-asa-cum-citesti-o-carte\/<\/span><\/span><\/span><\/a><\/p>\n<p><a href=\"http:\/\/www.adz.ro\/artikel\/artikel\/fotografische-reise-durch-europa\/\"><span style=\"color: #000000;\"><span style=\"font-family: Calibri, sans-serif;\"><span style=\"font-size: large;\">http:\/\/www.adz.ro\/artikel\/artikel\/fotografische-reise-durch-europa\/<\/span><\/span><\/span><\/a><\/p>\n<p><a href=\"https:\/\/transilvania365.ro\/sibiu-3-aprilie-vernisaj-si-lansare-de-carte-orase-in-rezumat-piete-din-europa-si-istoriile-lor-de-catalin-d-constantin\/\"><span style=\"color: #000000;\"><span style=\"font-family: Calibri, sans-serif;\"><span style=\"font-size: large;\">https:\/\/transilvania365.ro\/sibiu-3-aprilie-vernisaj-si-lansare-de-carte-orase-in-rezumat-piete-din-europa-si-istoriile-lor-de-catalin-d-constantin\/<\/span><\/span><\/span><\/a><\/p>\n<p><a href=\"http:\/\/www.zilesinopti.ro\/evenimente\/35185\/orase-in-rezumat\"><span style=\"color: #000000;\"><span style=\"font-family: Calibri, sans-serif;\"><span style=\"font-size: large;\">http:\/\/www.zilesinopti.ro\/evenimente\/35185\/orase-in-rezumat<\/span><\/span><\/span><\/a><\/p>\n<p><a href=\"https:\/\/ghidlocal.com\/brasov\/eveniment\/piete-din-europa-si-istoriile-lor\/\"><span style=\"color: #000000;\"><span style=\"font-family: Calibri, sans-serif;\"><span style=\"font-size: large;\">https:\/\/ghidlocal.com\/brasov\/eveniment\/piete-din-europa-si-istoriile-lor\/<\/span><\/span><\/span><\/a><\/p>\n<p><a href=\"https:\/\/www.feeder.ro\/event\/piete-din-europa-carturesti\/\"><span style=\"color: #000000;\"><span style=\"font-family: Calibri, sans-serif;\"><span style=\"font-size: large;\">https:\/\/www.feeder.ro\/event\/piete-din-europa-carturesti\/<\/span><\/span><\/span><\/a><\/p>\n<p><a href=\"http:\/\/www.agentiadecarte.ro\/2018\/03\/vernisaj-%C8%99i-lansare-de-carte-%E2%80%9Eora%C8%99e-in-rezumat-pie%C8%9Be-din-europa-%C8%99i-istoriile-lor%E2%80%9D-de-catalin-d-constantin\/\"><span style=\"color: #000000;\"><span style=\"font-family: Calibri, sans-serif;\"><span style=\"font-size: large;\">http:\/\/www.agentiadecarte.ro\/2018\/03\/vernisaj-%C8%99i-lansare-de-carte-%E2%80%9Eora%C8%99e-in-rezumat-pie%C8%9Be-din-europa-%C8%99i-istoriile-lor%E2%80%9D-de-catalin-d-constantin\/<\/span><\/span><\/span><\/a><\/p>\n<p><a href=\"http:\/\/promenada-culturala.ro\/orase-in-rezumat-piete-din-europa-si-istoriile-lor\/\"><span style=\"color: #000000;\"><span style=\"font-family: Calibri, sans-serif;\"><span style=\"font-size: large;\">http:\/\/promenada-culturala.ro\/orase-in-rezumat-piete-din-europa-si-istoriile-lor\/<\/span><\/span><\/span><\/a><\/p>\n<p><a href=\"http:\/\/tvr3.tvr.ro\/maia-morgenstern-prima-invitata-la-cult-at-rt-in-saptamana-mare_21608.html\"><span style=\"color: #000000;\"><span style=\"font-family: Calibri, sans-serif;\"><span style=\"font-size: large;\">http:\/\/tvr3.tvr.ro\/maia-morgenstern-prima-invitata-la-cult-at-rt-in-saptamana-mare_21608.html<\/span><\/span><\/span><\/a><\/p>\n<h5><span style=\"color: #000000;\"><span style=\"font-family: Calibri, sans-serif;\"><span style=\"font-size: large;\">Presa interna\u021bional\u0103<\/span><\/span><\/span><\/h5>\n<p><a href=\"https:\/\/www.youtube.com\/watch?v=Q-kabgecMq4&#038;feature=youtu.be&#038;fbclid=IwAR2N_EXEHnL24OEodeBmKnhn6JzkOsgzKOIvDWH99SENNQ13-osYj9GlveA\">TV in Kozani<\/a><\/p>\n<p><a href=\"https:\/\/kozan.gr\/archives\/246724\">kozanilife.gr<\/a><\/p>\n<p><a href=\"https:\/\/kozan.gr\/archives\/246724\">kozan.gr<\/a><\/p>\n<p><a href=\"https:\/\/www.methexi.org\/photo-exhibition-and-book-presentation-cities-in-summary-squares-of-europe-and-their-stories-by-catalin-constantin\/\">methexi.org<\/a><\/p>\n<p><a href=\"https:\/\/www.bsu.edu.ge\/main\/page\/2220\/index.html\">Expo in Batumi, Georgia<\/a><\/p>\n<p><a href=\"https:\/\/www.youtube.com\/watch?v=t6qk0JRVV20&#038;fbclid=IwAR3zHN2k-FFe8XLaBQ8XhMHp0LPt63nExL7sA2oqWWXed1Fa1u0n9dKbjqk\">Georgian Television<\/a><\/p>\n<p><a href=\"https:\/\/tripplanner.ge\/en\/sights\/european%20squares%20\/1082\">https:\/\/tripplanner.ge<\/a><\/p>\n<p><a href=\"https:\/\/www.messenger.com.ge\/issues\/4406_may_30_2019\/4406_mariam.html\">https:\/\/www.messenger.com.ge<\/a><\/p>\n<p><a href=\"http:\/\/museum.ge\/index.php?lang_id=ENG&#038;sec_id=105&#038;info_id=15428\">http:\/\/museum.ge<\/a><\/p>\n<p><a href=\"http:\/\/museum.ge\/index.php?lang_id=ENG&#038;sec_id=105&#038;info_id=15428\">Press Release Tbilisi<\/a><\/p>\n<p><a href=\"http:\/\/kvira.ge\/474657\">kvira.ge<\/a><\/p>\n<p><a href=\"https:\/\/1tv.ge\/news\/tbilisis-istoriis-muzeumshi-gamofena-qalaqebis-shejameba-evropuli-moednebi-da-mati-istoriebi-gaikhsneba\/\">1tv.ge<\/a><\/p>\n<p><a href=\"https:\/\/sputnik-georgia.com\/culture\/20190528\/245385480\/rogoria-evropuli-moednebi-tbiliselebs-gamofenaze-epatijebian.html\">sputnik-georgia.com<\/a><\/p>\n<p><a href=\"http:\/\/www.info-tbilisi.com\/ge\/events\/\u10d2\u10d0\u10db\u10dd\u10e4\u10d4\u10dc\u10d0%20\u201e\u10e5\u10d0\u10da\u10d0\u10e5\u10d4\u10d1\u10d8\u10e1%20\u10e8\u10d4\u10ef\u10d0\u10db\u10d4\u10d1\u10d0.%20\u10d4\u10d5\u10e0\u10dd\u10de\u10e3\u10da\u10d8%20\u10db\u10dd\u10d4\u10d3\u10dc\u10d4\u10d1\u10d8%20\u10d3\u10d0%20\u10db\u10d0\u10d7\u10d8%20\u10d8\u10e1\u10e2\u10dd\u10e0\u10d8\u10d4\u10d1\u10d8\u201c\">info.tbilisi.com<\/a><\/p>\n<p><a href=\"https:\/\/www.allart.ge\/?p=1234\">allart.ge<\/a><\/p>\n<p><a href=\"http:\/\/bnr.bg\/sofia\/post\/101032824\/ploshtadite-na-evropa-gostuvat-v-sofia?fbclid=IwAR0MayVAEaCavEILrZI7cFIYsF4esiK00uEan76REBe1eBVaCq2sWi9OZDc\">Radio Sofia, Bulgaria<\/a><\/p>\n<p><a href=\"https:\/\/citylife.az\/magazine-content\/ru\/1223\/evropejskaya-arhitektura-s-vysoty-poleta-drona?fbclid=IwAR28RhQa3COeUVkSgckUM7TV3C_-M55Q_OfnXkP45sJpUBwZoL-U9ndWjKs\">https:\/\/citylife.az<\/a><\/p>\n<p><a href=\"https:\/\/yenicag.ru\/evropeyskie-goroda-s-vysoty-ptichego\/?fbclid=IwAR0ldK2TDfKuUQgnNEH24lgZVT17TmwtiRTuURfgY5CUrTC01r35q6mp4-s\">https:\/\/yenicag.ru<\/a><\/p>\n<p><a href=\"https:\/\/www.ivoox.com\/programa-progenitores-20-01-201-audios-mp3_rf_31640040_1.html?fbclid=IwAR3bV-07VZJRUZAXj6O2n1gWd-2TPZr1u35GBn6TVcD8LVDtSxnJQtrVvhA\">Radio Villalba, Spania<\/a><\/p>\n<p><a href=\"https:\/\/www.20minutos.es\/noticia\/3386978\/0\/campaspero-valladolid-acoge-muestra-sobre-plazas-europeas-con-perspectiva-diferente-dron-profesional\/\"><span style=\"color: #000000;\"><span style=\"font-family: Calibri, sans-serif;\"><span style=\"font-size: large;\">https:\/\/www.20minutos.es\/noticia\/3386978\/0\/campaspero-valladolid-acoge-muestra-sobre-plazas-europeas-con-perspectiva-diferente-dron-profesional\/<\/span><\/span><\/span><\/a><\/p>\n<p><a href=\"https:\/\/www.noticiascyl.com\/valladolid\/provincia-valladolid\/2018\/07\/05\/campaspero-mira-a-las-plazas-del-mundo-a-vista-de-pajaro\/\"><span style=\"color: #000000;\"><span style=\"font-family: Calibri, sans-serif;\"><span style=\"font-size: large;\">https:\/\/www.noticiascyl.com\/valladolid\/provincia-valladolid\/2018\/07\/05\/campaspero-mira-a-las-plazas-del-mundo-a-vista-de-pajaro\/<\/span><\/span><\/span><\/a><\/p>\n<p><a href=\"https:\/\/www.lavanguardia.com\/local\/castilla-leon\/20180705\/45690437074\/campaspero-valladolid-acoge-una-muestra-sobre-plazas-europeas-con-una-perspectiva-diferente-la-de-un-dron-profesional.html\"><span style=\"color: #000000;\"><span style=\"font-family: Calibri, sans-serif;\"><span style=\"font-size: large;\">https:\/\/www.lavanguardia.com\/local\/castilla-leon\/20180705\/45690437074\/campaspero-valladolid-acoge-una-muestra-sobre-plazas-europeas-con-una-perspectiva-diferente-la-de-un-dron-profesional.html<\/span><\/span><\/span><\/a><\/p>\n<p><a href=\"http:\/\/www.europapress.es\/castilla-y-leon\/noticia-campaspero-valladolid-acoge-muestra-plazas-europeas-perspectiva-diferente-dron-profesional-20180705132614.html\"><span style=\"color: #000000;\"><span style=\"font-family: Calibri, sans-serif;\"><span style=\"font-size: large;\">http:\/\/www.europapress.es\/castilla-y-leon\/noticia-campaspero-valladolid-acoge-muestra-plazas-europeas-perspectiva-diferente-dron-profesional-20180705132614.html<\/span><\/span><\/span><\/a><\/p>\n<p><a href=\"http:\/\/www.diputaciondevalladolid.es\/diputacion\/modulo\/?idboletin=452&#038;idseccion=4941&#038;idarticulo=166872&#038;fecha=20180705\"><span style=\"color: #000000;\"><span style=\"font-family: Calibri, sans-serif;\"><span style=\"font-size: large;\">http:\/\/www.diputaciondevalladolid.es\/diputacion\/modulo\/?idboletin=452&#038;idseccion=4941&#038;idarticulo=166872&#038;fecha=20180705<\/span><\/span><\/span><\/a><\/p>\n<p><a href=\"http:\/\/cadenaser.com\/emisora\/2018\/07\/05\/radio_penafiel\/1530790841_741746.html?ssm=whatsapp\"><span style=\"color: #000000;\"><span style=\"font-family: Calibri, sans-serif;\"><span style=\"font-size: large;\">http:\/\/cadenaser.com\/emisora\/2018\/07\/05\/radio_penafiel\/1530790841_741746.html?ssm=whatsapp<\/span><\/span><\/span><\/a><\/p>\n<p><a href=\"http:\/\/besiktas.bel.tr\/Sayfa\/20937\/sergi-avrupa-meydanlari-ve-hik-yeleri\"><span style=\"color: #000000;\"><span style=\"font-family: Calibri, sans-serif;\"><span style=\"font-size: large;\">http:\/\/besiktas.bel.tr\/Sayfa\/20937\/sergi-avrupa-meydanlari-ve-hik-yeleri<\/span><\/span><\/span><\/a><\/p>\n<p><a href=\"http:\/\/eventos.uva.es\/22688\/detail\/exposicion-ciudades-en-resumen.-plazas-de-europa-y-sus-historias.html\"><span style=\"color: #000000;\"><span style=\"font-family: Calibri, sans-serif;\"><span style=\"font-size: large;\">http:\/\/eventos.uva.es\/22688\/detail\/exposicion-ciudades-en-resumen.-plazas-de-europa-y-sus-historias.html<\/span><\/span><\/span><\/a><\/p>\n<p><a href=\"http:\/\/besiktaskultursanat.com\/etkinlikler\/avrupa-meydanlari-ve-hikayeleri\/\"><span style=\"color: #000000;\"><span style=\"font-family: Calibri, sans-serif;\"><span style=\"font-size: large;\">http:\/\/besiktaskultursanat.com\/etkinlikler\/avrupa-meydanlari-ve-hikayeleri\/<\/span><\/span><\/span><\/a><\/p>\n<p><a href=\"https:\/\/www.salamanca24horas.com\/texto-diario\/mostrar\/1070173\/facultad-filologia-celebra-mes-cultura-rumana-usal-exposiciones-fotografias-documentos-proyecciones-cinematograficas\"><span style=\"color: #000000;\"><span style=\"font-family: Calibri, sans-serif;\"><span style=\"font-size: large;\">https:\/\/www.salamanca24horas.com\/texto-diario\/mostrar\/1070173\/facultad-filologia-celebra-mes-cultura-rumana-usal-exposiciones-fotografias-documentos-proyecciones-cinematograficas<\/span><\/span><\/span><\/a><\/p>\n<p><a href=\"http:\/\/www5.uva.es\/fyl\/exposici%C3%B3n-ciudades-en-resumen-plazas-de-europa-y-sus-historias\"><span style=\"color: #000000;\"><span style=\"font-family: Calibri, sans-serif;\"><span style=\"font-size: large;\">http:\/\/www5.uva.es\/fyl\/exposici%C3%B3n-ciudades-en-resumen-plazas-de-europa-y-sus-historias<\/span><\/span><\/span><\/a><\/p>\n<p><a href=\"http:\/\/en.besiktas.bel.tr\/entry\/european-squares\/\"><span style=\"color: #000000;\"><span style=\"font-family: Calibri, sans-serif;\"><span style=\"font-size: large;\">http:\/\/en.besiktas.bel.tr\/entry\/european-squares\/<\/span><\/span><\/span><\/a><\/p>\n\n\n<p><\/p>\n","protected":false},"excerpt":{"rendered":"<p>Rom\u00e2nia Rom\u00e2nia literar\u0103 \u00a0 Interviu cu C\u0103t\u0103lin D. Constantin. \u201eU\u0219urin\u021ba cu care ajungi la informa\u021bie este un inamic al acelei informa\u021bii\u201d Ba din dron\u0103, ba de la firul ierbii Carmen D\u0103r\u0103bu\u0219 \u00een Memoria Ethnologica Interviu cu C\u0103t\u0103lin D. Constantin. \u201eU\u0219urin\u021ba cu care ajungi la informa\u021bie este un inamic al acelei informa\u021bii\u201d Evenimentul Zilei despre expozi\u021bia &hellip; <a href=\"https:\/\/www.intothesquare.org\/es\/in-press\/\" class=\"more-link\">Continue reading <span class=\"screen-reader-text\">In press<\/span><\/a><\/p>\n","protected":false},"author":2,"featured_media":0,"parent":0,"menu_order":0,"comment_status":"closed","ping_status":"closed","template":"","meta":{"footnotes":""},"class_list":["post-872","page","type-page","status-publish","hentry"],"translation":{"provider":"WPGlobus","version":"3.0.0","language":"es","enabled_languages":["en","tr","ro","es","it","gr","az","pl","ge","pt"],"languages":{"en":{"title":true,"content":true,"excerpt":false},"tr":{"title":false,"content":false,"excerpt":false},"ro":{"title":true,"content":true,"excerpt":false},"es":{"title":false,"content":false,"excerpt":false},"it":{"title":false,"content":false,"excerpt":false},"gr":{"title":false,"content":false,"excerpt":false},"az":{"title":false,"content":false,"excerpt":false},"pl":{"title":false,"content":false,"excerpt":false},"ge":{"title":false,"content":false,"excerpt":false},"pt":{"title":false,"content":false,"excerpt":false}}},"_links":{"self":[{"href":"https:\/\/www.intothesquare.org\/es\/wp-json\/wp\/v2\/pages\/872","targetHints":{"allow":["GET"]}}],"collection":[{"href":"https:\/\/www.intothesquare.org\/es\/wp-json\/wp\/v2\/pages"}],"about":[{"href":"https:\/\/www.intothesquare.org\/es\/wp-json\/wp\/v2\/types\/page"}],"author":[{"embeddable":true,"href":"https:\/\/www.intothesquare.org\/es\/wp-json\/wp\/v2\/users\/2"}],"replies":[{"embeddable":true,"href":"https:\/\/www.intothesquare.org\/es\/wp-json\/wp\/v2\/comments?post=872"}],"version-history":[{"count":0,"href":"https:\/\/www.intothesquare.org\/es\/wp-json\/wp\/v2\/pages\/872\/revisions"}],"wp:attachment":[{"href":"https:\/\/www.intothesquare.org\/es\/wp-json\/wp\/v2\/media?parent=872"}],"curies":[{"name":"wp","href":"https:\/\/api.w.org\/{rel}","templated":true}]}}