{"id":122,"date":"2018-02-09T22:54:04","date_gmt":"2018-02-09T20:54:04","guid":{"rendered":"http:\/\/www.intothesquare.org\/?page_id=122"},"modified":"2025-02-03T12:56:10","modified_gmt":"2025-02-03T10:56:10","slug":"the-project-team","status":"publish","type":"page","link":"https:\/\/www.intothesquare.org\/pl\/the-project-team\/","title":{"rendered":"The project team"},"content":{"rendered":"\n<p>Autor: C\u0103t\u0103lin D. Constantin<\/p>\n\n\n\n<p>Konsultacja naukowa: prof. dr. arh. Sorin VASILESCU<\/p>\n\n\n\n<p>PR:&nbsp; Cristina Rusiecki<\/p>\n\n\n\n<p>Kurator: Dan L\u0102C\u0102TU\u0218<\/p>\n\n\n\n<p>Szczeg\u00f3lne podzi\u0119kowania: Carmen DOBROT\u0102<\/p>\n\n\n\n<p>Przek\u0142ad z j\u0119zyka rumu\u0144skiego: <strong>Tomasz OGI\u0143SKI<\/strong><\/p>\n","protected":false},"excerpt":{"rendered":"<p>Autor: C\u0103t\u0103lin D. Constantin Konsultacja naukowa: prof. dr. arh. Sorin VASILESCU PR:&nbsp; Cristina Rusiecki Kurator: Dan L\u0102C\u0102TU\u0218 Szczeg\u00f3lne podzi\u0119kowania: Carmen DOBROT\u0102 Przek\u0142ad z j\u0119zyka rumu\u0144skiego: Tomasz OGI\u0143SKI<\/p>\n","protected":false},"author":2,"featured_media":0,"parent":0,"menu_order":0,"comment_status":"closed","ping_status":"closed","template":"","meta":{"footnotes":""},"class_list":["post-122","page","type-page","status-publish","hentry"],"translation":{"provider":"WPGlobus","version":"3.0.0","language":"pl","enabled_languages":["en","tr","ro","es","it","gr","az","pl","ge","pt"],"languages":{"en":{"title":true,"content":true,"excerpt":false},"tr":{"title":true,"content":true,"excerpt":false},"ro":{"title":true,"content":true,"excerpt":false},"es":{"title":true,"content":true,"excerpt":false},"it":{"title":false,"content":true,"excerpt":false},"gr":{"title":true,"content":true,"excerpt":false},"az":{"title":true,"content":true,"excerpt":false},"pl":{"title":false,"content":true,"excerpt":false},"ge":{"title":true,"content":true,"excerpt":false},"pt":{"title":false,"content":false,"excerpt":false}}},"_links":{"self":[{"href":"https:\/\/www.intothesquare.org\/pl\/wp-json\/wp\/v2\/pages\/122","targetHints":{"allow":["GET"]}}],"collection":[{"href":"https:\/\/www.intothesquare.org\/pl\/wp-json\/wp\/v2\/pages"}],"about":[{"href":"https:\/\/www.intothesquare.org\/pl\/wp-json\/wp\/v2\/types\/page"}],"author":[{"embeddable":true,"href":"https:\/\/www.intothesquare.org\/pl\/wp-json\/wp\/v2\/users\/2"}],"replies":[{"embeddable":true,"href":"https:\/\/www.intothesquare.org\/pl\/wp-json\/wp\/v2\/comments?post=122"}],"version-history":[{"count":0,"href":"https:\/\/www.intothesquare.org\/pl\/wp-json\/wp\/v2\/pages\/122\/revisions"}],"wp:attachment":[{"href":"https:\/\/www.intothesquare.org\/pl\/wp-json\/wp\/v2\/media?parent=122"}],"curies":[{"name":"wp","href":"https:\/\/api.w.org\/{rel}","templated":true}]}}