{"id":125,"date":"2018-02-09T23:07:50","date_gmt":"2018-02-09T21:07:50","guid":{"rendered":"http:\/\/www.intothesquare.org\/?page_id=125"},"modified":"2023-03-23T14:49:21","modified_gmt":"2023-03-23T12:49:21","slug":"about-the-author","status":"publish","type":"page","link":"https:\/\/www.intothesquare.org\/pl\/about-the-author\/","title":{"rendered":"About the author"},"content":{"rendered":"<p><img loading=\"lazy\" decoding=\"async\" class=\"alignleft\" style=\"width: 269px; height: auto;\" src=\"https:\/\/www.intothesquare.org\/wp-content\/uploads\/2018\/02\/catalin-d-constantin-269x300.jpg\" alt=\"\" width=\"269\" height=\"300\" \/><b>C<\/b><b>\u0103t\u0103lin D. Constantin<\/b> jest wydawc\u0105, prodziekanem Wydzia\u0142u Filologicznego Uniwersytetu Bukareszte\u0144skiego, gdzie wyk\u0142ada etnologi\u0119 i antropologi\u0119 wizualn\u0105. Koordynator wielu serii prozy, redaktor album\u00f3w fotograficznych po\u015bwi\u0119conych rumu\u0144skiemu dziedzictwu kulturowemu, z kt\u00f3rych ostatni zatytu\u0142owany jest <i>Ferestre din Bucure\u0219ti \u0219i pove\u0219tile lor<\/i> (<i>Opowie\u015bci o bukareszte\u0144skich oknach<\/i>). Sk\u0142ada si\u0119 on z historii zaproponowanych przez pisarzy, historyk\u00f3w, architekt\u00f3w, aktor\u00f3w, lekarzy, antropolog\u00f3w, dziennikarzy i przedstawicieli innych zawod\u00f3w, ilustruj\u0105cych wybrane przez nich fotografie okien.<\/p>\n<p class=\"BasicParagraph\">C\u0103t\u0103lin D. Constantin uzyska\u0142 tytu\u0142 doktora na Uniwersytecie Bukareszte\u0144skim w 2013 r. Jego praca dotyczy\u0142a \u017cycia codziennego rumu\u0144skich miast pocz\u0105tku XX w. w oparciu o anonimowe dzienniki z epoki. C\u0103t\u0103lin D. Constantin \u0142\u0105cz\u0105c pasj\u0119 pisarza i podr\u00f3\u017cnika, rok p\u00f3\u017aniej obroni\u0142 drug\u0105 prac\u0119 doktorsk\u0105, tym razem w Narodowym Uniwersytecie Architektury i Urbanizmu im. Iona Mincu, po\u015bwi\u0119con\u0105 kulturowej i antropologicznej interpretacji roli europejskich plac\u00f3w miejskich. Temat ten sta\u0142 si\u0119 r\u00f3wnie\u017c punktem wyj\u015bcia dla niniejszej wystawy fotografii z lotu ptaka wykonanych przez autora przy pomocy drona.<\/p>\n","protected":false},"excerpt":{"rendered":"<p>C\u0103t\u0103lin D. Constantin jest wydawc\u0105, prodziekanem Wydzia\u0142u Filologicznego Uniwersytetu Bukareszte\u0144skiego, gdzie wyk\u0142ada etnologi\u0119 i antropologi\u0119 wizualn\u0105. Koordynator wielu serii prozy, redaktor album\u00f3w fotograficznych po\u015bwi\u0119conych rumu\u0144skiemu dziedzictwu kulturowemu, z kt\u00f3rych ostatni zatytu\u0142owany jest Ferestre din Bucure\u0219ti \u0219i pove\u0219tile lor (Opowie\u015bci o bukareszte\u0144skich oknach). Sk\u0142ada si\u0119 on z historii zaproponowanych przez pisarzy, historyk\u00f3w, architekt\u00f3w, aktor\u00f3w, lekarzy, antropolog\u00f3w, &hellip; <a href=\"https:\/\/www.intothesquare.org\/pl\/about-the-author\/\" class=\"more-link\">Continue reading <span class=\"screen-reader-text\">About the author<\/span><\/a><\/p>\n","protected":false},"author":2,"featured_media":0,"parent":0,"menu_order":0,"comment_status":"closed","ping_status":"closed","template":"","meta":{"footnotes":""},"class_list":["post-125","page","type-page","status-publish","hentry"],"translation":{"provider":"WPGlobus","version":"3.0.0","language":"pl","enabled_languages":["en","tr","ro","es","it","gr","az","pl","ge","pt"],"languages":{"en":{"title":true,"content":true,"excerpt":false},"tr":{"title":false,"content":true,"excerpt":false},"ro":{"title":true,"content":true,"excerpt":false},"es":{"title":false,"content":true,"excerpt":false},"it":{"title":false,"content":true,"excerpt":false},"gr":{"title":false,"content":true,"excerpt":false},"az":{"title":false,"content":true,"excerpt":false},"pl":{"title":false,"content":true,"excerpt":false},"ge":{"title":false,"content":true,"excerpt":false},"pt":{"title":false,"content":true,"excerpt":false}}},"_links":{"self":[{"href":"https:\/\/www.intothesquare.org\/pl\/wp-json\/wp\/v2\/pages\/125","targetHints":{"allow":["GET"]}}],"collection":[{"href":"https:\/\/www.intothesquare.org\/pl\/wp-json\/wp\/v2\/pages"}],"about":[{"href":"https:\/\/www.intothesquare.org\/pl\/wp-json\/wp\/v2\/types\/page"}],"author":[{"embeddable":true,"href":"https:\/\/www.intothesquare.org\/pl\/wp-json\/wp\/v2\/users\/2"}],"replies":[{"embeddable":true,"href":"https:\/\/www.intothesquare.org\/pl\/wp-json\/wp\/v2\/comments?post=125"}],"version-history":[{"count":0,"href":"https:\/\/www.intothesquare.org\/pl\/wp-json\/wp\/v2\/pages\/125\/revisions"}],"wp:attachment":[{"href":"https:\/\/www.intothesquare.org\/pl\/wp-json\/wp\/v2\/media?parent=125"}],"curies":[{"name":"wp","href":"https:\/\/api.w.org\/{rel}","templated":true}]}}