{"id":1091,"date":"2019-06-18T23:08:50","date_gmt":"2019-06-18T20:08:50","guid":{"rendered":"http:\/\/www.intothesquare.org\/?page_id=1091"},"modified":"2020-05-19T09:22:05","modified_gmt":"2020-05-19T06:22:05","slug":"project-partners","status":"publish","type":"page","link":"https:\/\/www.intothesquare.org\/pt\/project-partners\/","title":{"rendered":"Project Partners"},"content":{"rendered":"\n<p>The project was realised by <strong>Peter Pan ART<\/strong> and co-financed by the <strong>National Cultural Fund Administration<\/strong> and <strong>The<\/strong> <strong>Order of Architects in Romania<\/strong><\/p>\n\n\n\n<p><strong>Other Partners:<\/strong><\/p>\n\n\n\n<p>University of Urbanism and Architecture &#8220;Ion Mincu&#8221;, Bucharest, Romania<\/p>\n\n\n\n<p>Faculty of Letters, Bucharest University, Romania<\/p>\n\n\n\n<p class=\"has-text-align-left\">University of Salamanca, Spain                             <\/p>\n\n\n\n<p>University of Valladolid, Spain <\/p>\n\n\n\n<p>University St. Kliment Ohridski, Sofia, Bulgaria<\/p>\n\n\n\n<p>University of Architecture and Constructions, Baku, Azerbaijan<\/p>\n\n\n\n<p>Batumi Shota Rustaveli State  University, Batumi, Georgia<\/p>\n\n\n\n<p>Azerbaijan University of Languages, Baku<\/p>\n\n\n\n<p>Suhumi State University, Tbilisi, Georgia<\/p>\n\n\n\n<p>Shota Rustaveli State University, Batumi, Georgia<\/p>\n\n\n\n<p>Entheos Cultural Association <\/p>\n\n\n\n<p>Romanian Cultural Institute in Istanbul <\/p>\n\n\n\n<p>Be\u015fikta\u015f Municipality, Istanbul <\/p>\n\n\n\n<p>The Permanent Delegation of the European Union to Ankara <\/p>\n\n\n\n<p>Romanian Cultural Institute in Warsaw <\/p>\n\n\n\n<p>The International Center for Culture in Krakow  (Mi\u0119dzynarodowe Centrum Kultury, Krakow)<\/p>\n\n\n\n<p>Embassy of Romania in the Republic of Bulgaria <\/p>\n\n\n\n<p>Embassy of Romania to the Republic of Azerbaijan<\/p>\n\n\n\n<p>Arts Council Azerbaidjan<\/p>\n\n\n\n<p>\u0130\u00e7\u0259ri\u015f\u0259h\u0259r Historical- Arhitectural Reserve<\/p>\n\n\n\n<p>Embassy of Romania in Georgia <\/p>\n\n\n\n<p>Vis-a-Vis Cultural Association <\/p>\n\n\n\n<p>Bucharest Municipality Museum, Romania <\/p>\n\n\n\n<p>Astronomical Observatory &#8220;Vasile Urseanu&#8221;, Bucharest, Romania<\/p>\n\n\n\n<p>Mogo\u0219oaia Palace, Romania<\/p>\n\n\n\n<p>Georgian National Museum, Tbilisi, Georgia<\/p>\n\n\n\n<p>Museo de la Piedra, Campaspero, Spain <\/p>\n\n\n\n<p>Centro de Interpretaci\u00f3n del Movimiento Comunero &#8211; Castillo de Torrelobat\u00f3n, Spain <\/p>\n\n\n\n<p>Ayuntamiento of Mucientes, Spain <\/p>\n\n\n\n<p>Ayuntamiento de La Alberca<\/p>\n\n\n\n<p>C\u0103rture\u015fti Verona Bookstore <\/p>\n\n\n\n<p>C\u0103rture\u015fti Bookstore, Council Square, Bra\u015fov <\/p>\n\n\n\n<p>Habitus Bookstore, Sibiu <\/p>\n\n\n\n<p><strong>Media Partners:<\/strong><\/p>\n\n\n\n<p>B-<a href=\"https:\/\/www.b-critic.ro\/arte\/multimedia\/pietele-europene-si-povestile-lor-multimedia\/\">critic<\/a><\/p>\n\n\n\n<p><a href=\"https:\/\/revistacultura.ro\">Revista Cultura<\/a><\/p>\n","protected":false},"excerpt":{"rendered":"<p>The project was realised by Peter Pan ART and co-financed by the National Cultural Fund Administration and The Order of Architects in Romania Other Partners: University of Urbanism and Architecture &#8220;Ion Mincu&#8221;, Bucharest, Romania Faculty of Letters, Bucharest University, Romania University of Salamanca, Spain University of Valladolid, Spain University St. Kliment Ohridski, Sofia, Bulgaria University &hellip; <a href=\"https:\/\/www.intothesquare.org\/pt\/project-partners\/\" class=\"more-link\">Continue reading <span class=\"screen-reader-text\">Project Partners<\/span><\/a><\/p>\n","protected":false},"author":2,"featured_media":0,"parent":0,"menu_order":0,"comment_status":"closed","ping_status":"closed","template":"","meta":{"footnotes":""},"class_list":["post-1091","page","type-page","status-publish","hentry"],"translation":{"provider":"WPGlobus","version":"3.0.0","language":"pt","enabled_languages":["en","tr","ro","es","it","gr","az","pl","ge","pt"],"languages":{"en":{"title":true,"content":true,"excerpt":false},"tr":{"title":false,"content":false,"excerpt":false},"ro":{"title":true,"content":true,"excerpt":false},"es":{"title":false,"content":false,"excerpt":false},"it":{"title":false,"content":false,"excerpt":false},"gr":{"title":false,"content":false,"excerpt":false},"az":{"title":false,"content":false,"excerpt":false},"pl":{"title":false,"content":false,"excerpt":false},"ge":{"title":false,"content":false,"excerpt":false},"pt":{"title":false,"content":false,"excerpt":false}}},"_links":{"self":[{"href":"https:\/\/www.intothesquare.org\/pt\/wp-json\/wp\/v2\/pages\/1091","targetHints":{"allow":["GET"]}}],"collection":[{"href":"https:\/\/www.intothesquare.org\/pt\/wp-json\/wp\/v2\/pages"}],"about":[{"href":"https:\/\/www.intothesquare.org\/pt\/wp-json\/wp\/v2\/types\/page"}],"author":[{"embeddable":true,"href":"https:\/\/www.intothesquare.org\/pt\/wp-json\/wp\/v2\/users\/2"}],"replies":[{"embeddable":true,"href":"https:\/\/www.intothesquare.org\/pt\/wp-json\/wp\/v2\/comments?post=1091"}],"version-history":[{"count":0,"href":"https:\/\/www.intothesquare.org\/pt\/wp-json\/wp\/v2\/pages\/1091\/revisions"}],"wp:attachment":[{"href":"https:\/\/www.intothesquare.org\/pt\/wp-json\/wp\/v2\/media?parent=1091"}],"curies":[{"name":"wp","href":"https:\/\/api.w.org\/{rel}","templated":true}]}}