{"id":318,"date":"2018-02-11T21:36:08","date_gmt":"2018-02-11T19:36:08","guid":{"rendered":"http:\/\/www.intothesquare.org\/?page_id=318"},"modified":"2025-10-24T12:57:25","modified_gmt":"2025-10-24T09:57:25","slug":"318-2","status":"publish","type":"page","link":"https:\/\/www.intothesquare.org\/ro\/","title":{"rendered":""},"content":{"rendered":"<div class=\"pt-cv-wrapper\"><div class=\"pt-cv-view pt-cv-grid pt-cv-colsys\" id=\"pt-cv-view-04dad7d0w3\"><div data-id=\"pt-cv-page-1\" class=\"pt-cv-page\" data-cvc=\"2\"><div class=\"col-md-6 col-sm-6 col-xs-6 pt-cv-content-item pt-cv-1-col\" ><div class='pt-cv-ifield'><a href=\"https:\/\/www.intothesquare.org\/ro\/2018\/european-squares\/plaza-mayor-from-caceres-spain\/\" class=\"_self pt-cv-href-thumbnail pt-cv-thumb-default\" target=\"_self\" ><img loading=\"lazy\" decoding=\"async\" width=\"300\" height=\"185\" src=\"https:\/\/www.intothesquare.org\/wp-content\/uploads\/2018\/07\/DJI_0169-e1560972472531-300x185.jpg\" class=\"pt-cv-thumbnail\" alt=\"\" \/><\/a>\n<p class=\"pt-cv-title\"><a href=\"https:\/\/www.intothesquare.org\/ro\/2018\/european-squares\/plaza-mayor-from-caceres-spain\/\" class=\"_self\" target=\"_self\" >Plaza Mayor din C\u00e1ceres, Spania<\/a><\/p><\/div><\/div>\n<div class=\"col-md-6 col-sm-6 col-xs-6 pt-cv-content-item pt-cv-1-col\" ><div class='pt-cv-ifield'><a href=\"https:\/\/www.intothesquare.org\/ro\/2020\/european-squares\/bascarsija-from-sarajevo-bosnia-and-herzegovina\/\" class=\"_self pt-cv-href-thumbnail pt-cv-thumb-default\" target=\"_self\" ><img loading=\"lazy\" decoding=\"async\" width=\"300\" height=\"169\" src=\"https:\/\/www.intothesquare.org\/wp-content\/uploads\/2020\/02\/092-300x169.jpg\" class=\"pt-cv-thumbnail\" alt=\"\" \/><\/a>\n<p class=\"pt-cv-title\"><a href=\"https:\/\/www.intothesquare.org\/ro\/2020\/european-squares\/bascarsija-from-sarajevo-bosnia-and-herzegovina\/\" class=\"_self\" target=\"_self\" >Ba\u0161\u010dar\u0161ija din Sarajevo, Bosnia \u0219i Her\u021begovina<\/a><\/p><\/div><\/div>\n<div class=\"col-md-6 col-sm-6 col-xs-6 pt-cv-content-item pt-cv-1-col\" ><div class='pt-cv-ifield'><a href=\"https:\/\/www.intothesquare.org\/ro\/2018\/european-squares\/hauptplatz-from-retz-austria\/\" class=\"_self pt-cv-href-thumbnail pt-cv-thumb-default\" target=\"_self\" ><img loading=\"lazy\" decoding=\"async\" width=\"300\" height=\"185\" src=\"https:\/\/www.intothesquare.org\/wp-content\/uploads\/2018\/02\/Rtez2-300x185.jpg\" class=\"pt-cv-thumbnail\" alt=\"\" \/><\/a>\n<p class=\"pt-cv-title\"><a href=\"https:\/\/www.intothesquare.org\/ro\/2018\/european-squares\/hauptplatz-from-retz-austria\/\" class=\"_self\" target=\"_self\" >Hauptplatz din Retz, Austria<\/a><\/p><\/div><\/div>\n<div class=\"col-md-6 col-sm-6 col-xs-6 pt-cv-content-item pt-cv-1-col\" ><div class='pt-cv-ifield'><a href=\"https:\/\/www.intothesquare.org\/ro\/2018\/european-squares\/namesti-zachariase-z-hradce-from-telc-czech-republic\/\" class=\"_self pt-cv-href-thumbnail pt-cv-thumb-default\" target=\"_self\" ><img loading=\"lazy\" decoding=\"async\" width=\"300\" height=\"185\" src=\"https:\/\/www.intothesquare.org\/wp-content\/uploads\/2018\/02\/Telc-300x185.jpg\" class=\"pt-cv-thumbnail\" alt=\"\" \/><\/a>\n<p class=\"pt-cv-title\"><a href=\"https:\/\/www.intothesquare.org\/ro\/2018\/european-squares\/namesti-zachariase-z-hradce-from-telc-czech-republic\/\" class=\"_self\" target=\"_self\" >N\u00e1m\u011bst\u00ed Zachari\u00e1\u0161e z Hradce din Tel\u010d, Cehia<\/a><\/p><\/div><\/div>\n<div class=\"col-md-6 col-sm-6 col-xs-6 pt-cv-content-item pt-cv-1-col\" ><div class='pt-cv-ifield'><a href=\"https:\/\/www.intothesquare.org\/ro\/2018\/european-squares\/piazza-del-popolo-piazza-garibaldi-from-todi-italy\/\" class=\"_self pt-cv-href-thumbnail pt-cv-thumb-default\" target=\"_self\" ><img loading=\"lazy\" decoding=\"async\" width=\"300\" height=\"185\" src=\"https:\/\/www.intothesquare.org\/wp-content\/uploads\/2018\/02\/Todi2-300x185.jpg\" class=\"pt-cv-thumbnail\" alt=\"\" \/><\/a>\n<p class=\"pt-cv-title\"><a href=\"https:\/\/www.intothesquare.org\/ro\/2018\/european-squares\/piazza-del-popolo-piazza-garibaldi-from-todi-italy\/\" class=\"_self\" target=\"_self\" >Piazza del Popolo, Piazza Garibaldi din Todi, Italia<\/a><\/p><\/div><\/div>\n<div class=\"col-md-6 col-sm-6 col-xs-6 pt-cv-content-item pt-cv-1-col\" ><div class='pt-cv-ifield'><a href=\"https:\/\/www.intothesquare.org\/ro\/2018\/european-squares\/namesti-square-from-stramberk-cehia\/\" class=\"_self pt-cv-href-thumbnail pt-cv-thumb-default\" target=\"_self\" ><img loading=\"lazy\" decoding=\"async\" width=\"300\" height=\"185\" src=\"https:\/\/www.intothesquare.org\/wp-content\/uploads\/2018\/02\/Stramberk-300x185.jpg\" class=\"pt-cv-thumbnail\" alt=\"\" \/><\/a>\n<p class=\"pt-cv-title\"><a href=\"https:\/\/www.intothesquare.org\/ro\/2018\/european-squares\/namesti-square-from-stramberk-cehia\/\" class=\"_self\" target=\"_self\" >N\u00e1m\u011bst\u00ed din \u0160tramberk, Cehia<\/a><\/p><\/div><\/div>\n<div class=\"col-md-6 col-sm-6 col-xs-6 pt-cv-content-item pt-cv-1-col\" ><div class='pt-cv-ifield'><a href=\"https:\/\/www.intothesquare.org\/ro\/2018\/european-squares\/masarykovo-namesti-from-trebon-cehia\/\" class=\"_self pt-cv-href-thumbnail pt-cv-thumb-default\" target=\"_self\" ><img loading=\"lazy\" decoding=\"async\" width=\"300\" height=\"185\" src=\"https:\/\/www.intothesquare.org\/wp-content\/uploads\/2018\/02\/Trebon-300x185.jpg\" class=\"pt-cv-thumbnail\" alt=\"\" \/><\/a>\n<p class=\"pt-cv-title\"><a href=\"https:\/\/www.intothesquare.org\/ro\/2018\/european-squares\/masarykovo-namesti-from-trebon-cehia\/\" class=\"_self\" target=\"_self\" >Masarykovo n\u00e1m\u011bst\u00ed din T\u0159ebo\u0148, Cehia<\/a><\/p><\/div><\/div>\n<div class=\"col-md-6 col-sm-6 col-xs-6 pt-cv-content-item pt-cv-1-col\" ><div class='pt-cv-ifield'><a href=\"https:\/\/www.intothesquare.org\/ro\/2018\/european-squares\/hlavne-namestie-from-kosice-slovakia\/\" class=\"_self pt-cv-href-thumbnail pt-cv-thumb-default\" target=\"_self\" ><img loading=\"lazy\" decoding=\"async\" width=\"300\" height=\"185\" src=\"https:\/\/www.intothesquare.org\/wp-content\/uploads\/2018\/02\/Kosice-300x185.jpg\" class=\"pt-cv-thumbnail\" alt=\"\" \/><\/a>\n<p class=\"pt-cv-title\"><a href=\"https:\/\/www.intothesquare.org\/ro\/2018\/european-squares\/hlavne-namestie-from-kosice-slovakia\/\" class=\"_self\" target=\"_self\" >Hlavn\u00e9 n\u00e1mestie din Ko\u0161ice, Slovacia<\/a><\/p><\/div><\/div>\n<div class=\"col-md-6 col-sm-6 col-xs-6 pt-cv-content-item pt-cv-1-col\" ><div class='pt-cv-ifield'><a href=\"https:\/\/www.intothesquare.org\/ro\/2018\/european-squares\/presernov-trg-mestni-trg-from-ljubljana-slovenia\/\" class=\"_self pt-cv-href-thumbnail pt-cv-thumb-default\" target=\"_self\" ><img loading=\"lazy\" decoding=\"async\" width=\"300\" height=\"185\" src=\"https:\/\/www.intothesquare.org\/wp-content\/uploads\/2018\/02\/Lujbljana_Panorama1-300x185.jpg\" class=\"pt-cv-thumbnail\" alt=\"\" \/><\/a>\n<p class=\"pt-cv-title\"><a href=\"https:\/\/www.intothesquare.org\/ro\/2018\/european-squares\/presernov-trg-mestni-trg-from-ljubljana-slovenia\/\" class=\"_self\" target=\"_self\" >Pre\u0161ernov trg \u0219i Mestni trg din Ljubljana, Slovenia<\/a><\/p><\/div><\/div>\n<div class=\"col-md-6 col-sm-6 col-xs-6 pt-cv-content-item pt-cv-1-col\" ><div class='pt-cv-ifield'><a href=\"https:\/\/www.intothesquare.org\/ro\/2018\/european-squares\/tartinijev-trg-from-piran-slovenia\/\" class=\"_self pt-cv-href-thumbnail pt-cv-thumb-default\" target=\"_self\" ><img loading=\"lazy\" decoding=\"async\" width=\"300\" height=\"185\" src=\"https:\/\/www.intothesquare.org\/wp-content\/uploads\/2018\/02\/Piran-300x185.jpg\" class=\"pt-cv-thumbnail\" alt=\"\" \/><\/a>\n<p class=\"pt-cv-title\"><a href=\"https:\/\/www.intothesquare.org\/ro\/2018\/european-squares\/tartinijev-trg-from-piran-slovenia\/\" class=\"_self\" target=\"_self\" >Tartinijev trg din Piran, Slovenia<\/a><\/p><\/div><\/div>\n<div class=\"col-md-6 col-sm-6 col-xs-6 pt-cv-content-item pt-cv-1-col\" ><div class='pt-cv-ifield'><a href=\"https:\/\/www.intothesquare.org\/ro\/2018\/european-squares\/trg-sveta-eufemije-trg-g-matteottija-from-rovinj-croatia\/\" class=\"_self pt-cv-href-thumbnail pt-cv-thumb-default\" target=\"_self\" ><img loading=\"lazy\" decoding=\"async\" width=\"300\" height=\"185\" src=\"https:\/\/www.intothesquare.org\/wp-content\/uploads\/2018\/02\/Rovinj-300x185.jpg\" class=\"pt-cv-thumbnail\" alt=\"\" \/><\/a>\n<p class=\"pt-cv-title\"><a href=\"https:\/\/www.intothesquare.org\/ro\/2018\/european-squares\/trg-sveta-eufemije-trg-g-matteottija-from-rovinj-croatia\/\" class=\"_self\" target=\"_self\" >Trg Sveta Eufemije &#038; Trg G. Matteottija din Rovinj, Croa\u021bia<\/a><\/p><\/div><\/div>\n<div class=\"col-md-6 col-sm-6 col-xs-6 pt-cv-content-item pt-cv-1-col\" ><div class='pt-cv-ifield'><a href=\"https:\/\/www.intothesquare.org\/ro\/2018\/european-squares\/trg-peristil-from-split-croatia\/\" class=\"_self pt-cv-href-thumbnail pt-cv-thumb-default\" target=\"_self\" ><img loading=\"lazy\" decoding=\"async\" width=\"300\" height=\"185\" src=\"https:\/\/www.intothesquare.org\/wp-content\/uploads\/2018\/02\/Split-300x185.jpg\" class=\"pt-cv-thumbnail\" alt=\"\" \/><\/a>\n<p class=\"pt-cv-title\"><a href=\"https:\/\/www.intothesquare.org\/ro\/2018\/european-squares\/trg-peristil-from-split-croatia\/\" class=\"_self\" target=\"_self\" >Trg Peristil din Split, Croa\u021bia<\/a><\/p><\/div><\/div>\n<div class=\"col-md-6 col-sm-6 col-xs-6 pt-cv-content-item pt-cv-1-col\" ><div class='pt-cv-ifield'><a href=\"https:\/\/www.intothesquare.org\/ro\/2018\/european-squares\/sultanahmet-meydani-from-istanbul-turkey\/\" class=\"_self pt-cv-href-thumbnail pt-cv-thumb-default\" target=\"_self\" ><img loading=\"lazy\" decoding=\"async\" width=\"300\" height=\"185\" src=\"https:\/\/www.intothesquare.org\/wp-content\/uploads\/2018\/02\/Istanbul-med-300x185.jpg\" class=\"pt-cv-thumbnail\" alt=\"\" \/><\/a>\n<p class=\"pt-cv-title\"><a href=\"https:\/\/www.intothesquare.org\/ro\/2018\/european-squares\/sultanahmet-meydani-from-istanbul-turkey\/\" class=\"_self\" target=\"_self\" >Sultanahmet Meydan\u0131 din Istanbul, Turcia<\/a><\/p><\/div><\/div>\n<div class=\"col-md-6 col-sm-6 col-xs-6 pt-cv-content-item pt-cv-1-col\" ><div class='pt-cv-ifield'><a href=\"https:\/\/www.intothesquare.org\/ro\/2018\/european-squares\/domplatz-from-passau-germany\/\" class=\"_self pt-cv-href-thumbnail pt-cv-thumb-default\" target=\"_self\" ><img loading=\"lazy\" decoding=\"async\" width=\"300\" height=\"185\" src=\"https:\/\/www.intothesquare.org\/wp-content\/uploads\/2018\/02\/Passau-300x185.jpg\" class=\"pt-cv-thumbnail\" alt=\"\" \/><\/a>\n<p class=\"pt-cv-title\"><a href=\"https:\/\/www.intothesquare.org\/ro\/2018\/european-squares\/domplatz-from-passau-germany\/\" class=\"_self\" target=\"_self\" >Domplatz din Passau, Germania<\/a><\/p><\/div><\/div>\n<div class=\"col-md-6 col-sm-6 col-xs-6 pt-cv-content-item pt-cv-1-col\" ><div class='pt-cv-ifield'><a href=\"https:\/\/www.intothesquare.org\/ro\/2018\/european-squares\/plaza-de-la-corredera-from-cordoba-spain\/\" class=\"_self pt-cv-href-thumbnail pt-cv-thumb-default\" target=\"_self\" ><img loading=\"lazy\" decoding=\"async\" width=\"300\" height=\"185\" src=\"https:\/\/www.intothesquare.org\/wp-content\/uploads\/2018\/02\/Cordoba-300x185.jpg\" class=\"pt-cv-thumbnail\" alt=\"\" \/><\/a>\n<p class=\"pt-cv-title\"><a href=\"https:\/\/www.intothesquare.org\/ro\/2018\/european-squares\/plaza-de-la-corredera-from-cordoba-spain\/\" class=\"_self\" target=\"_self\" >Plaza de la Corredera din C\u00f3rdoba, Spania<\/a><\/p><\/div><\/div>\n<div class=\"col-md-6 col-sm-6 col-xs-6 pt-cv-content-item pt-cv-1-col\" ><div class='pt-cv-ifield'><a href=\"https:\/\/www.intothesquare.org\/ro\/2018\/european-squares\/praca-do-comercio-from-lisbon-portugal\/\" class=\"_self pt-cv-href-thumbnail pt-cv-thumb-default\" target=\"_self\" ><img loading=\"lazy\" decoding=\"async\" width=\"300\" height=\"185\" src=\"https:\/\/www.intothesquare.org\/wp-content\/uploads\/2018\/02\/Lisabona-300x185.jpg\" class=\"pt-cv-thumbnail\" alt=\"\" \/><\/a>\n<p class=\"pt-cv-title\"><a href=\"https:\/\/www.intothesquare.org\/ro\/2018\/european-squares\/praca-do-comercio-from-lisbon-portugal\/\" class=\"_self\" target=\"_self\" >Pra\u00e7a do Com\u00e9rcio din Lisabona, Portugalia<\/a><\/p><\/div><\/div>\n<div class=\"col-md-6 col-sm-6 col-xs-6 pt-cv-content-item pt-cv-1-col\" ><div class='pt-cv-ifield'><a href=\"https:\/\/www.intothesquare.org\/ro\/2018\/european-squares\/zizkovo-namesti-from-tabor-czech-republik\/\" class=\"_self pt-cv-href-thumbnail pt-cv-thumb-default\" target=\"_self\" ><img loading=\"lazy\" decoding=\"async\" width=\"300\" height=\"185\" src=\"https:\/\/www.intothesquare.org\/wp-content\/uploads\/2018\/02\/Tabor-300x185.jpg\" class=\"pt-cv-thumbnail\" alt=\"\" \/><\/a>\n<p class=\"pt-cv-title\"><a href=\"https:\/\/www.intothesquare.org\/ro\/2018\/european-squares\/zizkovo-namesti-from-tabor-czech-republik\/\" class=\"_self\" target=\"_self\" >\u017di\u017ekovo n\u00e1m\u011bst\u00ed din T\u00e1bor, Cehia<\/a><\/p><\/div><\/div>\n<div class=\"col-md-6 col-sm-6 col-xs-6 pt-cv-content-item pt-cv-1-col\" ><div class='pt-cv-ifield'><a href=\"https:\/\/www.intothesquare.org\/ro\/2018\/european-squares\/piata-sfatului-from-brasov-romania\/\" class=\"_self pt-cv-href-thumbnail pt-cv-thumb-default\" target=\"_self\" ><img loading=\"lazy\" decoding=\"async\" width=\"300\" height=\"185\" src=\"https:\/\/www.intothesquare.org\/wp-content\/uploads\/2018\/02\/Brasov-300x185.jpg\" class=\"pt-cv-thumbnail\" alt=\"\" \/><\/a>\n<p class=\"pt-cv-title\"><a href=\"https:\/\/www.intothesquare.org\/ro\/2018\/european-squares\/piata-sfatului-from-brasov-romania\/\" class=\"_self\" target=\"_self\" >Pia\u021ba Sfatului din Bra\u0219ov<\/a><\/p><\/div><\/div>\n<div class=\"col-md-6 col-sm-6 col-xs-6 pt-cv-content-item pt-cv-1-col\" ><div class='pt-cv-ifield'><a href=\"https:\/\/www.intothesquare.org\/ro\/2018\/european-squares\/piazza-castello-from-marostica-italy\/\" class=\"_self pt-cv-href-thumbnail pt-cv-thumb-default\" target=\"_self\" ><img loading=\"lazy\" decoding=\"async\" width=\"300\" height=\"185\" src=\"https:\/\/www.intothesquare.org\/wp-content\/uploads\/2018\/02\/Marostica2-300x185.jpg\" class=\"pt-cv-thumbnail\" alt=\"\" \/><\/a>\n<p class=\"pt-cv-title\"><a href=\"https:\/\/www.intothesquare.org\/ro\/2018\/european-squares\/piazza-castello-from-marostica-italy\/\" class=\"_self\" target=\"_self\" >Piazza Castello din Marostica, Italia<\/a><\/p><\/div><\/div>\n<div class=\"col-md-6 col-sm-6 col-xs-6 pt-cv-content-item pt-cv-1-col\" ><div class='pt-cv-ifield'><a href=\"https:\/\/www.intothesquare.org\/ro\/2018\/european-squares\/piazza-pio-ii-from-pienza-italy\/\" class=\"_self pt-cv-href-thumbnail pt-cv-thumb-default\" target=\"_self\" ><img loading=\"lazy\" decoding=\"async\" width=\"300\" height=\"185\" src=\"https:\/\/www.intothesquare.org\/wp-content\/uploads\/2018\/02\/Pienza2-300x185.jpg\" class=\"pt-cv-thumbnail\" alt=\"\" \/><\/a>\n<p class=\"pt-cv-title\"><a href=\"https:\/\/www.intothesquare.org\/ro\/2018\/european-squares\/piazza-pio-ii-from-pienza-italy\/\" class=\"_self\" target=\"_self\" >Piazza Pio II din Pienza, Italia<\/a><\/p><\/div><\/div>\n<div class=\"col-md-6 col-sm-6 col-xs-6 pt-cv-content-item pt-cv-1-col\" ><div class='pt-cv-ifield'><a href=\"https:\/\/www.intothesquare.org\/ro\/2018\/european-squares\/plaza-mayor-from-salamanca-spain\/\" class=\"_self pt-cv-href-thumbnail pt-cv-thumb-default\" target=\"_self\" ><img loading=\"lazy\" decoding=\"async\" width=\"300\" height=\"193\" src=\"https:\/\/www.intothesquare.org\/wp-content\/uploads\/2018\/04\/IMG_3559-300x193.jpg\" class=\"pt-cv-thumbnail\" alt=\"\" \/><\/a>\n<p class=\"pt-cv-title\"><a href=\"https:\/\/www.intothesquare.org\/ro\/2018\/european-squares\/plaza-mayor-from-salamanca-spain\/\" class=\"_self\" target=\"_self\" >Plaza Mayor din Salamanca, Spania<\/a><\/p><\/div><\/div>\n<div class=\"col-md-6 col-sm-6 col-xs-6 pt-cv-content-item pt-cv-1-col\" ><div class='pt-cv-ifield'><a href=\"https:\/\/www.intothesquare.org\/ro\/2018\/european-squares\/plaza-mayor-from-ciudad-rodrigo-spain\/\" class=\"_self pt-cv-href-thumbnail pt-cv-thumb-default\" target=\"_self\" ><img loading=\"lazy\" decoding=\"async\" width=\"300\" height=\"185\" src=\"https:\/\/www.intothesquare.org\/wp-content\/uploads\/2018\/05\/Ciudad-rodrigo-sp.jpg\" class=\"pt-cv-thumbnail\" alt=\"\" \/><\/a>\n<p class=\"pt-cv-title\"><a href=\"https:\/\/www.intothesquare.org\/ro\/2018\/european-squares\/plaza-mayor-from-ciudad-rodrigo-spain\/\" class=\"_self\" target=\"_self\" >Plaza Mayor din Ciudad Rodrigo, Spania<\/a><\/p><\/div><\/div>\n<div class=\"col-md-6 col-sm-6 col-xs-6 pt-cv-content-item pt-cv-1-col\" ><div class='pt-cv-ifield'><a href=\"https:\/\/www.intothesquare.org\/ro\/2018\/european-squares\/praca-do-municipio-from-lisbon-portugal\/\" class=\"_self pt-cv-href-thumbnail pt-cv-thumb-default\" target=\"_self\" ><img loading=\"lazy\" decoding=\"async\" width=\"300\" height=\"186\" src=\"https:\/\/www.intothesquare.org\/wp-content\/uploads\/2018\/05\/DJI_0081-e1560972172409-300x186.jpg\" class=\"pt-cv-thumbnail\" alt=\"\" \/><\/a>\n<p class=\"pt-cv-title\"><a href=\"https:\/\/www.intothesquare.org\/ro\/2018\/european-squares\/praca-do-municipio-from-lisbon-portugal\/\" class=\"_self\" target=\"_self\" >Pra\u00e7a do Municipio din Lisabona, Portugalia<\/a><\/p><\/div><\/div>\n<div class=\"col-md-6 col-sm-6 col-xs-6 pt-cv-content-item pt-cv-1-col\" ><div class='pt-cv-ifield'><a href=\"https:\/\/www.intothesquare.org\/ro\/2018\/european-squares\/praca-8-de-maio-from-coimbra-portugal\/\" class=\"_self pt-cv-href-thumbnail pt-cv-thumb-default\" target=\"_self\" ><img loading=\"lazy\" decoding=\"async\" width=\"300\" height=\"185\" src=\"https:\/\/www.intothesquare.org\/wp-content\/uploads\/2018\/05\/IMG_1512-e1560972313832-300x185.jpg\" class=\"pt-cv-thumbnail\" alt=\"\" \/><\/a>\n<p class=\"pt-cv-title\"><a href=\"https:\/\/www.intothesquare.org\/ro\/2018\/european-squares\/praca-8-de-maio-from-coimbra-portugal\/\" class=\"_self\" target=\"_self\" >Pra\u00e7a 8 de Maio from Coimbra, Portugal<\/a><\/p><\/div><\/div><\/div><\/div>\n<div class=\" pt-cv-pagination-wrapper\"><ul class=\"pt-cv-pagination pt-cv-ajax pagination\" data-totalpages=\"4\" data-currentpage=\"1\" data-sid=\"04dad7d0w3\" data-unid=\"\" data-isblock=\"\" data-postid=\"\"><li class=\"active\"><a href=\"#\">1<\/a><\/li>\n\t<li ><a class=\"\" href=\"https:\/\/www.intothesquare.org\/ro\/wp-json\/wp\/v2\/pages\/318\/?_page=2\">2<\/a><\/li>\n\t<li ><a class=\"\" href=\"https:\/\/www.intothesquare.org\/ro\/wp-json\/wp\/v2\/pages\/318\/?_page=3\">3<\/a><\/li>\n\t<li ><a class=\"\" href=\"https:\/\/www.intothesquare.org\/ro\/wp-json\/wp\/v2\/pages\/318\/?_page=4\">4<\/a><\/li>\n\t<li ><a class=\" \" href=\"https:\/\/www.intothesquare.org\/ro\/wp-json\/wp\/v2\/pages\/318\/?_page=2\">&rsaquo;<\/a><\/li>\n\t<\/ul><img loading=\"lazy\" decoding=\"async\" width=\"15\" height=\"15\" class=\"pt-cv-spinner\" alt=\"Se \u00eencarc\u0103...\" src=\"data:image\/gif;base64,R0lGODlhDwAPALMPAMrKygwMDJOTkz09PZWVla+vr3p6euTk5M7OzuXl5TMzMwAAAJmZmWZmZszMzP\/\/\/yH\/C05FVFNDQVBFMi4wAwEAAAAh+QQFCgAPACwAAAAADwAPAAAEQvDJaZaZOIcV8iQK8VRX4iTYoAwZ4iCYoAjZ4RxejhVNoT+mRGP4cyF4Pp0N98sBGIBMEMOotl6YZ3S61Bmbkm4mAgAh+QQFCgAPACwAAAAADQANAAAENPDJSRSZeA418itN8QiK8BiLITVsFiyBBIoYqnoewAD4xPw9iY4XLGYSjkQR4UAUD45DLwIAIfkEBQoADwAsAAAAAA8ACQAABC\/wyVlamTi3nSdgwFNdhEJgTJoNyoB9ISYoQmdjiZPcj7EYCAeCF1gEDo4Dz2eIAAAh+QQFCgAPACwCAAAADQANAAAEM\/DJBxiYeLKdX3IJZT1FU0iIg2RNKx3OkZVnZ98ToRD4MyiDnkAh6BkNC0MvsAj0kMpHBAAh+QQFCgAPACwGAAAACQAPAAAEMDC59KpFDll73HkAA2wVY5KgiK5b0RRoI6MuzG6EQqCDMlSGheEhUAgqgUUAFRySIgAh+QQFCgAPACwCAAIADQANAAAEM\/DJKZNLND\/kkKaHc3xk+QAMYDKsiaqmZCxGVjSFFCxB1vwy2oOgIDxuucxAMTAJFAJNBAAh+QQFCgAPACwAAAYADwAJAAAEMNAs86q1yaWwwv2Ig0jUZx3OYa4XoRAfwADXoAwfo1+CIjyFRuEho60aSNYlOPxEAAAh+QQFCgAPACwAAAIADQANAAAENPA9s4y8+IUVcqaWJ4qEQozSoAzoIyhCK2NFU2SJk0hNnyEOhKR2AzAAj4Pj4GE4W0bkJQIAOw==\" \/><div class=\"clear pt-cv-clear-pagination\"><\/div><\/div><\/div>\n\n\n\n<p class=\"has-text-align-center\"><a href=\"https:\/\/www.intothesquare.org\/event\/expo-at-carturesti-verona-bookshop\/\">VIDEO<\/a><\/p>\n\n\n\n<pre class=\"wp-block-preformatted\">The site is updated weekly with photographs and the history of a European square.<\/pre>\n","protected":false},"excerpt":{"rendered":"<p>VIDEO The site is updated weekly with photographs and the history of a European square.<\/p>\n","protected":false},"author":2,"featured_media":3431,"parent":0,"menu_order":0,"comment_status":"closed","ping_status":"closed","template":"","meta":{"footnotes":""},"class_list":["post-318","page","type-page","status-publish","has-post-thumbnail","hentry"],"translation":{"provider":"WPGlobus","version":"3.0.0","language":"ro","enabled_languages":["en","tr","ro","es","it","gr","az","pl","ge","pt"],"languages":{"en":{"title":false,"content":true,"excerpt":false},"tr":{"title":false,"content":true,"excerpt":false},"ro":{"title":false,"content":true,"excerpt":false},"es":{"title":true,"content":true,"excerpt":false},"it":{"title":false,"content":true,"excerpt":false},"gr":{"title":false,"content":true,"excerpt":false},"az":{"title":false,"content":true,"excerpt":false},"pl":{"title":false,"content":true,"excerpt":false},"ge":{"title":false,"content":true,"excerpt":false},"pt":{"title":false,"content":true,"excerpt":false}}},"_links":{"self":[{"href":"https:\/\/www.intothesquare.org\/ro\/wp-json\/wp\/v2\/pages\/318","targetHints":{"allow":["GET"]}}],"collection":[{"href":"https:\/\/www.intothesquare.org\/ro\/wp-json\/wp\/v2\/pages"}],"about":[{"href":"https:\/\/www.intothesquare.org\/ro\/wp-json\/wp\/v2\/types\/page"}],"author":[{"embeddable":true,"href":"https:\/\/www.intothesquare.org\/ro\/wp-json\/wp\/v2\/users\/2"}],"replies":[{"embeddable":true,"href":"https:\/\/www.intothesquare.org\/ro\/wp-json\/wp\/v2\/comments?post=318"}],"version-history":[{"count":0,"href":"https:\/\/www.intothesquare.org\/ro\/wp-json\/wp\/v2\/pages\/318\/revisions"}],"wp:featuredmedia":[{"embeddable":true,"href":"https:\/\/www.intothesquare.org\/ro\/wp-json\/wp\/v2\/media\/3431"}],"wp:attachment":[{"href":"https:\/\/www.intothesquare.org\/ro\/wp-json\/wp\/v2\/media?parent=318"}],"curies":[{"name":"wp","href":"https:\/\/api.w.org\/{rel}","templated":true}]}}