{"id":69,"date":"2018-02-08T18:54:29","date_gmt":"2018-02-08T16:54:29","guid":{"rendered":"http:\/\/www.intothesquare.org\/?page_id=69"},"modified":"2023-03-17T15:36:49","modified_gmt":"2023-03-17T13:36:49","slug":"about-the-book","status":"publish","type":"page","link":"https:\/\/www.intothesquare.org\/ro\/about-the-book\/","title":{"rendered":"Despre carte"},"content":{"rendered":"<p><strong><img decoding=\"async\" class=\"\" style=\"width: 269px; height: 385px; float: right; margin-left: 20px;\" src=\"https:\/\/www.intothesquare.org\/wp-content\/uploads\/2018\/02\/orase-in-rezumat-715x1024.jpg\" alt=\"\" \/>Ora\u0219e \u00een rezumat spune, pe parcursul a peste 500 de pagini, povestea pie\u021belor urbane din Europa. Cartea \u00eembin\u0103 textul cu numeroase imagini, parte dintre ele aeriene, realizate cu ajutorul unei drone. O pia\u021b\u0103 de ora\u0219 e un rezumat. Istoric, arhitectonic, cultural, social. \u00centr-o pia\u021b\u0103 de ora\u0219 se v\u0103d bine \u0219i deodat\u0103 toate straturile vie\u021bii omene\u0219ti, ale vie\u021bii sociale. Pia\u021ba ora\u0219ului e, din acest punct de vedere, un spa\u021biu privilegiat.<br \/><\/strong><\/p>\r\n<p><strong>C\u0103t\u0103lin D. Constantin<em>, Ora\u0219e \u00een rezumat. Pie\u021be din Europa \u0219i istoriile lor<\/em><\/strong>, Bucure\u0219ti, Peter Pan ART \u0219i Editura Universitar\u0103 \u201eIon Mincu\u201d<\/p>\r\n<p><strong>Anul aparitiei:<\/strong> 2017<br \/><strong>Num\u0103r de pagini:<\/strong> 512<br \/><strong>Format:<\/strong> 16,5\/23,5 cm<br \/><strong>Autor:<\/strong> C\u0103t\u0103lin D. Constantin<br \/><strong>Concept grafic:<\/strong> C\u0103t\u0103lin D. Constantin<br \/><strong>Redactare:<\/strong> Luana Schidu<br \/><strong>ISBN:<\/strong> 978-606-92300-4-6<\/p>\r\n<p><a href=\"http:\/\/peterpanart.ro\/products-page\/product-category\/orase-in-rezumat-piete-din-europa-si-istoriile-lor\/\">Cump\u0103r\u0103 cartea pe site-ul editurii Peter Pan ART.<\/a><\/p>\r\n<div id='gallery-1' class='gallery galleryid-69 gallery-columns-2 gallery-size-full'><figure class='gallery-item'>\n\t\t\t<div class='gallery-icon landscape'>\n\t\t\t\t<a href='https:\/\/www.intothesquare.org\/ro\/b18-prj-502-img-6568-large\/'><img loading=\"lazy\" decoding=\"async\" width=\"840\" height=\"598\" src=\"https:\/\/www.intothesquare.org\/wp-content\/uploads\/2019\/06\/b18-prj-502-img-6568-large.jpg\" class=\"attachment-full size-full\" alt=\"\" srcset=\"https:\/\/www.intothesquare.org\/wp-content\/uploads\/2019\/06\/b18-prj-502-img-6568-large.jpg 840w, https:\/\/www.intothesquare.org\/wp-content\/uploads\/2019\/06\/b18-prj-502-img-6568-large-300x214.jpg 300w, https:\/\/www.intothesquare.org\/wp-content\/uploads\/2019\/06\/b18-prj-502-img-6568-large-768x547.jpg 768w\" sizes=\"auto, (max-width: 840px) 100vw, 840px\" \/><\/a>\n\t\t\t<\/div><\/figure><figure class='gallery-item'>\n\t\t\t<div class='gallery-icon landscape'>\n\t\t\t\t<a href='https:\/\/www.intothesquare.org\/ro\/b18-prj-502-img-6569-large\/'><img loading=\"lazy\" decoding=\"async\" width=\"1280\" height=\"912\" src=\"https:\/\/www.intothesquare.org\/wp-content\/uploads\/2019\/06\/b18-prj-502-img-6569-large.jpg\" class=\"attachment-full size-full\" alt=\"\" srcset=\"https:\/\/www.intothesquare.org\/wp-content\/uploads\/2019\/06\/b18-prj-502-img-6569-large.jpg 1280w, https:\/\/www.intothesquare.org\/wp-content\/uploads\/2019\/06\/b18-prj-502-img-6569-large-300x214.jpg 300w, https:\/\/www.intothesquare.org\/wp-content\/uploads\/2019\/06\/b18-prj-502-img-6569-large-1024x730.jpg 1024w, https:\/\/www.intothesquare.org\/wp-content\/uploads\/2019\/06\/b18-prj-502-img-6569-large-768x547.jpg 768w\" sizes=\"auto, (max-width: 1280px) 100vw, 1280px\" \/><\/a>\n\t\t\t<\/div><\/figure>\n\t\t<\/div>\n\r\n<p><em>C\u0103t\u0103lin D. Constantin salt\u0103 peste veacuri trecute pentru a \u00een\u021belege \u00een aceast\u0103 carte ce \u00eenseamn\u0103 Pia\u021ba pentru Europa. Cartea lui \u00eemi aduce aminte vorbe auzite c\u00e2nd aveam 20 de ani \u0219i m\u0103 aflam cu cel mai bun prieten al meu, Antoine de Beaufort, pe coasta Mediteranei, aproape de Toulon. Beaufort \u00eel cuno\u0219tea din familie pe marele scriitor Charles Maurois, deja v\u00e2rstnic, care ne-a dep\u0103nat amintiri, povestindu-ne c\u0103, prima dat\u0103 c\u00e2nd a putut s\u0103 se urce pe un vapor pentru a ajunge \u00een Grecia, a strigat \u00een sufletul lui, atunci c\u00e2nd a z\u0103rit Acropole, dup\u0103 o curb\u0103 a coastei: \u201e<\/em>C\u2019est n\u2019est pas beau, c\u2019est Le Beau!<em>\u201d <\/em><\/p>\r\n<p style=\"text-align: right;\">Neagu DJUVARA<\/p>\r\n<div id='gallery-2' class='gallery galleryid-69 gallery-columns-4 gallery-size-full'><figure class='gallery-item'>\n\t\t\t<div class='gallery-icon landscape'>\n\t\t\t\t<a href='https:\/\/www.intothesquare.org\/ro\/about-the-book\/attachment\/b18-prj-502-img-6574-large\/'><img loading=\"lazy\" decoding=\"async\" width=\"1280\" height=\"912\" src=\"https:\/\/www.intothesquare.org\/wp-content\/uploads\/2019\/06\/b18-prj-502-img-6574-large.jpg\" class=\"attachment-full size-full\" alt=\"Inside the book\" aria-describedby=\"gallery-2-1374\" srcset=\"https:\/\/www.intothesquare.org\/wp-content\/uploads\/2019\/06\/b18-prj-502-img-6574-large.jpg 1280w, https:\/\/www.intothesquare.org\/wp-content\/uploads\/2019\/06\/b18-prj-502-img-6574-large-300x214.jpg 300w, https:\/\/www.intothesquare.org\/wp-content\/uploads\/2019\/06\/b18-prj-502-img-6574-large-1024x730.jpg 1024w, https:\/\/www.intothesquare.org\/wp-content\/uploads\/2019\/06\/b18-prj-502-img-6574-large-768x547.jpg 768w\" sizes=\"auto, (max-width: 1280px) 100vw, 1280px\" \/><\/a>\n\t\t\t<\/div>\n\t\t\t\t<figcaption class='wp-caption-text gallery-caption' id='gallery-2-1374'>\n\t\t\t\tInside the book\n\t\t\t\t<\/figcaption><\/figure><figure class='gallery-item'>\n\t\t\t<div class='gallery-icon landscape'>\n\t\t\t\t<a href='https:\/\/www.intothesquare.org\/ro\/about-the-book\/attachment\/b18-prj-502-img-6575-large\/'><img loading=\"lazy\" decoding=\"async\" width=\"1280\" height=\"912\" src=\"https:\/\/www.intothesquare.org\/wp-content\/uploads\/2019\/06\/b18-prj-502-img-6575-large.jpg\" class=\"attachment-full size-full\" alt=\"\" srcset=\"https:\/\/www.intothesquare.org\/wp-content\/uploads\/2019\/06\/b18-prj-502-img-6575-large.jpg 1280w, https:\/\/www.intothesquare.org\/wp-content\/uploads\/2019\/06\/b18-prj-502-img-6575-large-300x214.jpg 300w, https:\/\/www.intothesquare.org\/wp-content\/uploads\/2019\/06\/b18-prj-502-img-6575-large-1024x730.jpg 1024w, https:\/\/www.intothesquare.org\/wp-content\/uploads\/2019\/06\/b18-prj-502-img-6575-large-768x547.jpg 768w\" sizes=\"auto, (max-width: 1280px) 100vw, 1280px\" \/><\/a>\n\t\t\t<\/div><\/figure><figure class='gallery-item'>\n\t\t\t<div class='gallery-icon landscape'>\n\t\t\t\t<a href='https:\/\/www.intothesquare.org\/ro\/about-the-book\/attachment\/b18-prj-502-img-6576-large\/'><img loading=\"lazy\" decoding=\"async\" width=\"1280\" height=\"912\" src=\"https:\/\/www.intothesquare.org\/wp-content\/uploads\/2019\/06\/b18-prj-502-img-6576-large.jpg\" class=\"attachment-full size-full\" alt=\"\" srcset=\"https:\/\/www.intothesquare.org\/wp-content\/uploads\/2019\/06\/b18-prj-502-img-6576-large.jpg 1280w, https:\/\/www.intothesquare.org\/wp-content\/uploads\/2019\/06\/b18-prj-502-img-6576-large-300x214.jpg 300w, https:\/\/www.intothesquare.org\/wp-content\/uploads\/2019\/06\/b18-prj-502-img-6576-large-1024x730.jpg 1024w, https:\/\/www.intothesquare.org\/wp-content\/uploads\/2019\/06\/b18-prj-502-img-6576-large-768x547.jpg 768w\" sizes=\"auto, (max-width: 1280px) 100vw, 1280px\" \/><\/a>\n\t\t\t<\/div><\/figure><figure class='gallery-item'>\n\t\t\t<div class='gallery-icon landscape'>\n\t\t\t\t<a href='https:\/\/www.intothesquare.org\/ro\/about-the-book\/attachment\/b18-prj-502-img-6577-large\/'><img loading=\"lazy\" decoding=\"async\" width=\"1280\" height=\"912\" src=\"https:\/\/www.intothesquare.org\/wp-content\/uploads\/2019\/06\/b18-prj-502-img-6577-large.jpg\" class=\"attachment-full size-full\" alt=\"\" srcset=\"https:\/\/www.intothesquare.org\/wp-content\/uploads\/2019\/06\/b18-prj-502-img-6577-large.jpg 1280w, https:\/\/www.intothesquare.org\/wp-content\/uploads\/2019\/06\/b18-prj-502-img-6577-large-300x214.jpg 300w, https:\/\/www.intothesquare.org\/wp-content\/uploads\/2019\/06\/b18-prj-502-img-6577-large-1024x730.jpg 1024w, https:\/\/www.intothesquare.org\/wp-content\/uploads\/2019\/06\/b18-prj-502-img-6577-large-768x547.jpg 768w\" sizes=\"auto, (max-width: 1280px) 100vw, 1280px\" \/><\/a>\n\t\t\t<\/div><\/figure><figure class='gallery-item'>\n\t\t\t<div class='gallery-icon landscape'>\n\t\t\t\t<a href='https:\/\/www.intothesquare.org\/ro\/about-the-book\/attachment\/b18-prj-502-img-6578-large\/'><img loading=\"lazy\" decoding=\"async\" width=\"1280\" height=\"912\" src=\"https:\/\/www.intothesquare.org\/wp-content\/uploads\/2019\/06\/b18-prj-502-img-6578-large.jpg\" class=\"attachment-full size-full\" alt=\"\" srcset=\"https:\/\/www.intothesquare.org\/wp-content\/uploads\/2019\/06\/b18-prj-502-img-6578-large.jpg 1280w, https:\/\/www.intothesquare.org\/wp-content\/uploads\/2019\/06\/b18-prj-502-img-6578-large-300x214.jpg 300w, https:\/\/www.intothesquare.org\/wp-content\/uploads\/2019\/06\/b18-prj-502-img-6578-large-1024x730.jpg 1024w, https:\/\/www.intothesquare.org\/wp-content\/uploads\/2019\/06\/b18-prj-502-img-6578-large-768x547.jpg 768w\" sizes=\"auto, (max-width: 1280px) 100vw, 1280px\" \/><\/a>\n\t\t\t<\/div><\/figure><figure class='gallery-item'>\n\t\t\t<div class='gallery-icon landscape'>\n\t\t\t\t<a href='https:\/\/www.intothesquare.org\/ro\/about-the-book\/attachment\/b18-prj-502-img-6579-large\/'><img loading=\"lazy\" decoding=\"async\" width=\"1280\" height=\"912\" src=\"https:\/\/www.intothesquare.org\/wp-content\/uploads\/2019\/06\/b18-prj-502-img-6579-large.jpg\" class=\"attachment-full size-full\" alt=\"\" srcset=\"https:\/\/www.intothesquare.org\/wp-content\/uploads\/2019\/06\/b18-prj-502-img-6579-large.jpg 1280w, https:\/\/www.intothesquare.org\/wp-content\/uploads\/2019\/06\/b18-prj-502-img-6579-large-300x214.jpg 300w, https:\/\/www.intothesquare.org\/wp-content\/uploads\/2019\/06\/b18-prj-502-img-6579-large-1024x730.jpg 1024w, https:\/\/www.intothesquare.org\/wp-content\/uploads\/2019\/06\/b18-prj-502-img-6579-large-768x547.jpg 768w\" sizes=\"auto, (max-width: 1280px) 100vw, 1280px\" \/><\/a>\n\t\t\t<\/div><\/figure><figure class='gallery-item'>\n\t\t\t<div class='gallery-icon landscape'>\n\t\t\t\t<a href='https:\/\/www.intothesquare.org\/ro\/about-the-book\/attachment\/b18-prj-502-img-6580-large\/'><img loading=\"lazy\" decoding=\"async\" width=\"1280\" height=\"912\" src=\"https:\/\/www.intothesquare.org\/wp-content\/uploads\/2019\/06\/b18-prj-502-img-6580-large.jpg\" class=\"attachment-full size-full\" alt=\"\" srcset=\"https:\/\/www.intothesquare.org\/wp-content\/uploads\/2019\/06\/b18-prj-502-img-6580-large.jpg 1280w, https:\/\/www.intothesquare.org\/wp-content\/uploads\/2019\/06\/b18-prj-502-img-6580-large-300x214.jpg 300w, https:\/\/www.intothesquare.org\/wp-content\/uploads\/2019\/06\/b18-prj-502-img-6580-large-1024x730.jpg 1024w, https:\/\/www.intothesquare.org\/wp-content\/uploads\/2019\/06\/b18-prj-502-img-6580-large-768x547.jpg 768w\" sizes=\"auto, (max-width: 1280px) 100vw, 1280px\" \/><\/a>\n\t\t\t<\/div><\/figure><figure class='gallery-item'>\n\t\t\t<div class='gallery-icon landscape'>\n\t\t\t\t<a href='https:\/\/www.intothesquare.org\/ro\/about-the-book\/attachment\/b18-prj-502-img-6581-large\/'><img loading=\"lazy\" decoding=\"async\" width=\"1280\" height=\"912\" src=\"https:\/\/www.intothesquare.org\/wp-content\/uploads\/2019\/06\/b18-prj-502-img-6581-large.jpg\" class=\"attachment-full size-full\" alt=\"\" srcset=\"https:\/\/www.intothesquare.org\/wp-content\/uploads\/2019\/06\/b18-prj-502-img-6581-large.jpg 1280w, https:\/\/www.intothesquare.org\/wp-content\/uploads\/2019\/06\/b18-prj-502-img-6581-large-300x214.jpg 300w, https:\/\/www.intothesquare.org\/wp-content\/uploads\/2019\/06\/b18-prj-502-img-6581-large-1024x730.jpg 1024w, https:\/\/www.intothesquare.org\/wp-content\/uploads\/2019\/06\/b18-prj-502-img-6581-large-768x547.jpg 768w\" sizes=\"auto, (max-width: 1280px) 100vw, 1280px\" \/><\/a>\n\t\t\t<\/div><\/figure><figure class='gallery-item'>\n\t\t\t<div class='gallery-icon landscape'>\n\t\t\t\t<a href='https:\/\/www.intothesquare.org\/ro\/about-the-book\/attachment\/b18-prj-502-img-6582-large\/'><img loading=\"lazy\" decoding=\"async\" width=\"1280\" height=\"912\" src=\"https:\/\/www.intothesquare.org\/wp-content\/uploads\/2019\/06\/b18-prj-502-img-6582-large.jpg\" class=\"attachment-full size-full\" alt=\"\" srcset=\"https:\/\/www.intothesquare.org\/wp-content\/uploads\/2019\/06\/b18-prj-502-img-6582-large.jpg 1280w, https:\/\/www.intothesquare.org\/wp-content\/uploads\/2019\/06\/b18-prj-502-img-6582-large-300x214.jpg 300w, https:\/\/www.intothesquare.org\/wp-content\/uploads\/2019\/06\/b18-prj-502-img-6582-large-1024x730.jpg 1024w, https:\/\/www.intothesquare.org\/wp-content\/uploads\/2019\/06\/b18-prj-502-img-6582-large-768x547.jpg 768w\" sizes=\"auto, (max-width: 1280px) 100vw, 1280px\" \/><\/a>\n\t\t\t<\/div><\/figure><figure class='gallery-item'>\n\t\t\t<div class='gallery-icon landscape'>\n\t\t\t\t<a href='https:\/\/www.intothesquare.org\/ro\/about-the-book\/attachment\/b18-prj-502-img-6583-large\/'><img loading=\"lazy\" decoding=\"async\" width=\"1280\" height=\"912\" src=\"https:\/\/www.intothesquare.org\/wp-content\/uploads\/2019\/06\/b18-prj-502-img-6583-large.jpg\" class=\"attachment-full size-full\" alt=\"\" srcset=\"https:\/\/www.intothesquare.org\/wp-content\/uploads\/2019\/06\/b18-prj-502-img-6583-large.jpg 1280w, https:\/\/www.intothesquare.org\/wp-content\/uploads\/2019\/06\/b18-prj-502-img-6583-large-300x214.jpg 300w, https:\/\/www.intothesquare.org\/wp-content\/uploads\/2019\/06\/b18-prj-502-img-6583-large-1024x730.jpg 1024w, https:\/\/www.intothesquare.org\/wp-content\/uploads\/2019\/06\/b18-prj-502-img-6583-large-768x547.jpg 768w\" sizes=\"auto, (max-width: 1280px) 100vw, 1280px\" \/><\/a>\n\t\t\t<\/div><\/figure><figure class='gallery-item'>\n\t\t\t<div class='gallery-icon landscape'>\n\t\t\t\t<a href='https:\/\/www.intothesquare.org\/ro\/about-the-book\/attachment\/b18-prj-502-img-6584-large\/'><img loading=\"lazy\" decoding=\"async\" width=\"840\" height=\"598\" src=\"https:\/\/www.intothesquare.org\/wp-content\/uploads\/2019\/06\/b18-prj-502-img-6584-large.jpg\" class=\"attachment-full size-full\" alt=\"\" srcset=\"https:\/\/www.intothesquare.org\/wp-content\/uploads\/2019\/06\/b18-prj-502-img-6584-large.jpg 840w, https:\/\/www.intothesquare.org\/wp-content\/uploads\/2019\/06\/b18-prj-502-img-6584-large-300x214.jpg 300w, https:\/\/www.intothesquare.org\/wp-content\/uploads\/2019\/06\/b18-prj-502-img-6584-large-768x547.jpg 768w\" sizes=\"auto, (max-width: 840px) 100vw, 840px\" \/><\/a>\n\t\t\t<\/div><\/figure><figure class='gallery-item'>\n\t\t\t<div class='gallery-icon landscape'>\n\t\t\t\t<a href='https:\/\/www.intothesquare.org\/ro\/about-the-book\/attachment\/b18-prj-502-img-6585-large\/'><img loading=\"lazy\" decoding=\"async\" width=\"840\" height=\"598\" src=\"https:\/\/www.intothesquare.org\/wp-content\/uploads\/2019\/06\/b18-prj-502-img-6585-large.jpg\" class=\"attachment-full size-full\" alt=\"\" srcset=\"https:\/\/www.intothesquare.org\/wp-content\/uploads\/2019\/06\/b18-prj-502-img-6585-large.jpg 840w, https:\/\/www.intothesquare.org\/wp-content\/uploads\/2019\/06\/b18-prj-502-img-6585-large-300x214.jpg 300w, https:\/\/www.intothesquare.org\/wp-content\/uploads\/2019\/06\/b18-prj-502-img-6585-large-768x547.jpg 768w\" sizes=\"auto, (max-width: 840px) 100vw, 840px\" \/><\/a>\n\t\t\t<\/div><\/figure>\n\t\t<\/div>\n\r\n<p style=\"text-align: center;\">\u00a0<\/p>\r\n<p><em>Cartea ne a\u0219az\u0103 \u00eentr-o perspectiv\u0103 \u00een care locul \u0219i locuirea se completeaz\u0103 \u00een mod firesc. Pia\u021ba e, \u00een lectura autorului, un spa\u021biu non-newtonian, prezentat \u00een termeni de energii, nu doar de structuri \u0219i func\u021bii. Din acest punct de vedere, cartea e total nou\u0103 prin metod\u0103. C\u0103t\u0103lin D. Constantin \u00eemplete\u0219te \u00een mod calculat limbajul aparent doar literar, dar \u0219tiin\u021bific \u00een con\u021binut, cu imaginile. Nu e o simpl\u0103 juxtapunere, ci o modalitate atent g\u00e2ndit\u0103 de a compune un discurs special, singurul capabil s\u0103 ofere o lectur\u0103 a spa\u021biului \u00een termeni de non-materie, de energii. Noutatea nu e numai de abordare, ci a\u0219 \u00eendr\u0103zni s\u0103 o numesc de-a dreptul epistemologic\u0103.<\/em><\/p>\r\n<p style=\"text-align: right;\">Vintil\u0103 MIH\u0102ILESCU<\/p>\r\n<p><em>Ochiul antropologic care se dezv\u0103luie \u00een carte s-a ar\u0103tat a fi produc\u0103tor de vraj\u0103 \u0219i poate fi o variant\u0103 postmodern\u0103 a artei magice a etnografului de care vorbe\u0219te Malinowski.<\/em><\/p>\r\n<p style=\"text-align: right;\">Rodica ZANE<\/p>\r\n<p><em>Este remarcabil punctul de vedere al lui C\u0103t\u0103lin D. Constantin privitor la rela\u021bia dintre arhitectura real\u0103 \u0219i arhitectura imaginar\u0103.<\/em><\/p>\r\n<p style=\"text-align: right;\">Sorin VASILESCU<\/p>\r\n<div id='gallery-3' class='gallery galleryid-69 gallery-columns-4 gallery-size-full'><figure class='gallery-item'>\n\t\t\t<div class='gallery-icon landscape'>\n\t\t\t\t<a href='https:\/\/www.intothesquare.org\/ro\/b18-prj-502-img-6573-large\/'><img loading=\"lazy\" decoding=\"async\" width=\"1280\" height=\"912\" src=\"https:\/\/www.intothesquare.org\/wp-content\/uploads\/2019\/06\/b18-prj-502-img-6573-large.jpg\" class=\"attachment-full size-full\" alt=\"\" srcset=\"https:\/\/www.intothesquare.org\/wp-content\/uploads\/2019\/06\/b18-prj-502-img-6573-large.jpg 1280w, https:\/\/www.intothesquare.org\/wp-content\/uploads\/2019\/06\/b18-prj-502-img-6573-large-300x214.jpg 300w, https:\/\/www.intothesquare.org\/wp-content\/uploads\/2019\/06\/b18-prj-502-img-6573-large-1024x730.jpg 1024w, https:\/\/www.intothesquare.org\/wp-content\/uploads\/2019\/06\/b18-prj-502-img-6573-large-768x547.jpg 768w\" sizes=\"auto, (max-width: 1280px) 100vw, 1280px\" \/><\/a>\n\t\t\t<\/div><\/figure><figure class='gallery-item'>\n\t\t\t<div class='gallery-icon landscape'>\n\t\t\t\t<a href='https:\/\/www.intothesquare.org\/ro\/b18-prj-502-img-6572-large\/'><img loading=\"lazy\" decoding=\"async\" width=\"1280\" height=\"912\" src=\"https:\/\/www.intothesquare.org\/wp-content\/uploads\/2019\/06\/b18-prj-502-img-6572-large.jpg\" class=\"attachment-full size-full\" alt=\"\" srcset=\"https:\/\/www.intothesquare.org\/wp-content\/uploads\/2019\/06\/b18-prj-502-img-6572-large.jpg 1280w, https:\/\/www.intothesquare.org\/wp-content\/uploads\/2019\/06\/b18-prj-502-img-6572-large-300x214.jpg 300w, https:\/\/www.intothesquare.org\/wp-content\/uploads\/2019\/06\/b18-prj-502-img-6572-large-1024x730.jpg 1024w, https:\/\/www.intothesquare.org\/wp-content\/uploads\/2019\/06\/b18-prj-502-img-6572-large-768x547.jpg 768w\" sizes=\"auto, (max-width: 1280px) 100vw, 1280px\" \/><\/a>\n\t\t\t<\/div><\/figure><figure class='gallery-item'>\n\t\t\t<div class='gallery-icon landscape'>\n\t\t\t\t<a href='https:\/\/www.intothesquare.org\/ro\/b18-prj-502-img-6571-large\/'><img loading=\"lazy\" decoding=\"async\" width=\"1280\" height=\"912\" src=\"https:\/\/www.intothesquare.org\/wp-content\/uploads\/2019\/06\/b18-prj-502-img-6571-large.jpg\" class=\"attachment-full size-full\" alt=\"\" srcset=\"https:\/\/www.intothesquare.org\/wp-content\/uploads\/2019\/06\/b18-prj-502-img-6571-large.jpg 1280w, https:\/\/www.intothesquare.org\/wp-content\/uploads\/2019\/06\/b18-prj-502-img-6571-large-300x214.jpg 300w, https:\/\/www.intothesquare.org\/wp-content\/uploads\/2019\/06\/b18-prj-502-img-6571-large-1024x730.jpg 1024w, https:\/\/www.intothesquare.org\/wp-content\/uploads\/2019\/06\/b18-prj-502-img-6571-large-768x547.jpg 768w\" sizes=\"auto, (max-width: 1280px) 100vw, 1280px\" \/><\/a>\n\t\t\t<\/div><\/figure><figure class='gallery-item'>\n\t\t\t<div class='gallery-icon landscape'>\n\t\t\t\t<a href='https:\/\/www.intothesquare.org\/ro\/b18-prj-502-img-6570-large\/'><img loading=\"lazy\" decoding=\"async\" width=\"1280\" height=\"912\" src=\"https:\/\/www.intothesquare.org\/wp-content\/uploads\/2019\/06\/b18-prj-502-img-6570-large.jpg\" class=\"attachment-full size-full\" alt=\"\" srcset=\"https:\/\/www.intothesquare.org\/wp-content\/uploads\/2019\/06\/b18-prj-502-img-6570-large.jpg 1280w, https:\/\/www.intothesquare.org\/wp-content\/uploads\/2019\/06\/b18-prj-502-img-6570-large-300x214.jpg 300w, https:\/\/www.intothesquare.org\/wp-content\/uploads\/2019\/06\/b18-prj-502-img-6570-large-1024x730.jpg 1024w, https:\/\/www.intothesquare.org\/wp-content\/uploads\/2019\/06\/b18-prj-502-img-6570-large-768x547.jpg 768w\" sizes=\"auto, (max-width: 1280px) 100vw, 1280px\" \/><\/a>\n\t\t\t<\/div><\/figure>\n\t\t<\/div>\n\r\n<p>&nbsp;<\/p>\r\n<p>Proiectco-finan\u021bat de Adminstra\u021bia Fondului Cultural Na\u021bional.\u00a0<\/p>\r\n<p><img loading=\"lazy\" decoding=\"async\" class=\"wp-image-80  alignright\" style=\"width: 125px; height: 125px;\" src=\"https:\/\/www.intothesquare.org\/wp-content\/uploads\/2018\/02\/Logo-Proiecte-Color-RGB-300x300.jpg\" alt=\"\" width=\"300\" height=\"300\" srcset=\"https:\/\/www.intothesquare.org\/wp-content\/uploads\/2018\/02\/Logo-Proiecte-Color-RGB-300x300.jpg 300w, https:\/\/www.intothesquare.org\/wp-content\/uploads\/2018\/02\/Logo-Proiecte-Color-RGB-150x150.jpg 150w, https:\/\/www.intothesquare.org\/wp-content\/uploads\/2018\/02\/Logo-Proiecte-Color-RGB-768x768.jpg 768w, https:\/\/www.intothesquare.org\/wp-content\/uploads\/2018\/02\/Logo-Proiecte-Color-RGB.jpg 889w\" sizes=\"auto, (max-width: 300px) 100vw, 300px\" \/><\/p>\r\n\r\n<p>&nbsp;<\/p>\r\n","protected":false},"excerpt":{"rendered":"<p>Summarising Cities. Europe\u2019s Squares and their Histories tells the story of urban squares throughout Europe. Over 500 pages long, the book combines text and images, some of which are aerial, taken with the aid of a drone. A square is a summary: historical, architectural, social. In a city square, one can see clearly and simultaneously &hellip; <a href=\"https:\/\/www.intothesquare.org\/ro\/about-the-book\/\" class=\"more-link\">Continue reading <span class=\"screen-reader-text\">Despre carte<\/span><\/a><\/p>\n","protected":false},"author":2,"featured_media":0,"parent":0,"menu_order":0,"comment_status":"closed","ping_status":"closed","template":"","meta":{"footnotes":""},"class_list":["post-69","page","type-page","status-publish","hentry"],"translation":{"provider":"WPGlobus","version":"3.0.0","language":"ro","enabled_languages":["en","tr","ro","es","it","gr","az","pl","ge","pt"],"languages":{"en":{"title":true,"content":true,"excerpt":false},"tr":{"title":true,"content":true,"excerpt":false},"ro":{"title":true,"content":true,"excerpt":false},"es":{"title":true,"content":true,"excerpt":false},"it":{"title":false,"content":false,"excerpt":false},"gr":{"title":true,"content":true,"excerpt":false},"az":{"title":true,"content":true,"excerpt":false},"pl":{"title":false,"content":false,"excerpt":false},"ge":{"title":false,"content":false,"excerpt":false},"pt":{"title":false,"content":false,"excerpt":false}}},"_links":{"self":[{"href":"https:\/\/www.intothesquare.org\/ro\/wp-json\/wp\/v2\/pages\/69","targetHints":{"allow":["GET"]}}],"collection":[{"href":"https:\/\/www.intothesquare.org\/ro\/wp-json\/wp\/v2\/pages"}],"about":[{"href":"https:\/\/www.intothesquare.org\/ro\/wp-json\/wp\/v2\/types\/page"}],"author":[{"embeddable":true,"href":"https:\/\/www.intothesquare.org\/ro\/wp-json\/wp\/v2\/users\/2"}],"replies":[{"embeddable":true,"href":"https:\/\/www.intothesquare.org\/ro\/wp-json\/wp\/v2\/comments?post=69"}],"version-history":[{"count":0,"href":"https:\/\/www.intothesquare.org\/ro\/wp-json\/wp\/v2\/pages\/69\/revisions"}],"wp:attachment":[{"href":"https:\/\/www.intothesquare.org\/ro\/wp-json\/wp\/v2\/media?parent=69"}],"curies":[{"name":"wp","href":"https:\/\/api.w.org\/{rel}","templated":true}]}}