{"id":698,"date":"2018-05-06T23:43:40","date_gmt":"2018-05-06T20:43:40","guid":{"rendered":"http:\/\/www.intothesquare.org\/?page_id=698"},"modified":"2018-05-23T22:05:49","modified_gmt":"2018-05-23T19:05:49","slug":"terms-and-conditions","status":"publish","type":"page","link":"https:\/\/www.intothesquare.org\/ro\/terms-and-conditions\/","title":{"rendered":"Termeni \u0219i condi\u021bii"},"content":{"rendered":"<p><strong>Preluarea de imagini, informa\u021bii \u0219i date de pe www.intothesquare.org<\/strong><\/p>\n<p>Preluarea de imagini, date, informa\u021bii de pe www.intothesquare.org pe alte site-uri se poate face liber, at\u00e2t timp c\u00e2t sunt citate explicit \u0219i vizibil sursa \u0219i autorul (\u00a0\u00a9 C\u0103t\u0103lin D. Constantin, www.intothesquare.org), iar elementele de\u00a0\u00a9 suprapuse fotografiilor nu sunt \u00eenl\u0103turate. Dac\u0103 dori\u021bi preluarea unor imagini pentru print sau \u00een orice alt context v\u0103 rug\u0103m s\u0103 ne contacta\u021bi la <a href=\"mailto:info@peterpanart.ro\">info@peterpanart.ro<\/a>. \u00cen func\u021bie de context, vom stabili termenii \u0219i condi\u021biile prelu\u0103rii.<\/p>\n<p><strong>Colectarea de informa\u021bii<\/strong><\/p>\n<p>www.intothesquare.org nu colecteaz\u0103 direct informa\u021bii despre utilizatori, dar utilizeaz\u0103 servicii de monitorizare a traficului de la mai multe site-uri specializate (Google Analytics, Trafic.ro \u0219.a.). Ca urmare, unele date ale utilizatorilor sunt colectate \u00een mod anonim, acestea fiind IP-ul, localitatea, set\u0103rile browserului \u0219i ale sistemului de operare, paginile accesate pe siteul nostru.<\/p>\n<p><strong>Utilizarea de informa\u021bii<\/strong><\/p>\n<p>Oricare dintre informa\u021biile pe care le colect\u0103m pot fi folosite pentru a:<\/p>\n<ul>\n<li>Personaliza experien\u021ba dumneavoastr\u0103 \u0219i pentru a r\u0103spunde nevoilor individuale<\/li>\n<li>\u00cembun\u0103t\u0103\u021bi site-ul nostru<\/li>\n<\/ul>\n<p><strong>Dezv\u0103luirea p\u0103r\u021bilor ter\u021be<\/strong><\/p>\n<p>Nu de\u021binem, nu vindem, nu negociem sau transfer\u0103m c\u0103tre p\u0103r\u021bi din afar\u0103 informa\u021bii personale identificabile.<\/p>\n<p>Informa\u021biile non-private sunt colectate exclusiv \u00een scopul monitoriz\u0103rii audien\u021bei \u0219i cre\u0219terii valorii de utilizare a acestui site. Ele nu vor fi dezv\u0103luite c\u0103tre ter\u021bi de c\u0103tre administratorii www.intothesquare.org, dar serviciile de monitorizare a traficului men\u021bionate mai sus de\u021bin propria versiune a acestor date pe care, \u00een condi\u021bii transparente, publicate pe fiecare site \u00een parte, le pot utiliza \u00een scopuri comerciale \u2013 pentru cercet\u0103ri de pia\u021b\u0103 sau servicii de marketing.<\/p>\n<p><strong>Protejarea Informa\u021biilor<\/strong><\/p>\n<p>Pentru protejarea datelor existente pe acest site folosim cele mai avansate sisteme de securitate disponibile.<\/p>\n<p>Folosim cookie-uri. Cookie-urile \u00eembun\u0103t\u0103\u021besc accesul la site-ul nostru \u0219i identific\u0103 vizitarea repetat\u0103. Mai mult dec\u00e2t at\u00e2t, cookie-urile noastre sporesc experien\u021ba unui utilizator prin urm\u0103rirea \u0219i direc\u021bionarea \u00een func\u021bie de interesele lui\/ei. Aceast\u0103 utilizare de cookie-uri nu este \u00een nici un fel legat\u0103 de orice informa\u021bie personal\u0103 de identificare de pe site-ul nostru.<\/p>\n<p><strong>Consim\u021b\u0103m\u00e2ntul<\/strong><\/p>\n<p>Prin utilizarea site-ului www.intothesquare.org, sunte\u021bi de acord cu politica noastr\u0103 de confiden\u021bialitate.<\/p>\n","protected":false},"excerpt":{"rendered":"<p>Preluarea de imagini, informa\u021bii \u0219i date de pe www.intothesquare.org Preluarea de imagini, date, informa\u021bii de pe www.intothesquare.org pe alte site-uri se poate face liber, at\u00e2t timp c\u00e2t sunt citate explicit \u0219i vizibil sursa \u0219i autorul (\u00a0\u00a9 C\u0103t\u0103lin D. Constantin, www.intothesquare.org), iar elementele de\u00a0\u00a9 suprapuse fotografiilor nu sunt \u00eenl\u0103turate. Dac\u0103 dori\u021bi preluarea unor imagini pentru print &hellip; <a href=\"https:\/\/www.intothesquare.org\/ro\/terms-and-conditions\/\" class=\"more-link\">Continue reading <span class=\"screen-reader-text\">Termeni \u0219i condi\u021bii<\/span><\/a><\/p>\n","protected":false},"author":2,"featured_media":0,"parent":0,"menu_order":0,"comment_status":"closed","ping_status":"closed","template":"","meta":{"footnotes":""},"class_list":["post-698","page","type-page","status-publish","hentry"],"translation":{"provider":"WPGlobus","version":"3.0.0","language":"ro","enabled_languages":["en","tr","ro","es","it","gr","az","pl","ge","pt"],"languages":{"en":{"title":true,"content":true,"excerpt":false},"tr":{"title":false,"content":false,"excerpt":false},"ro":{"title":true,"content":true,"excerpt":false},"es":{"title":false,"content":false,"excerpt":false},"it":{"title":false,"content":false,"excerpt":false},"gr":{"title":false,"content":false,"excerpt":false},"az":{"title":false,"content":false,"excerpt":false},"pl":{"title":false,"content":false,"excerpt":false},"ge":{"title":false,"content":false,"excerpt":false},"pt":{"title":false,"content":false,"excerpt":false}}},"_links":{"self":[{"href":"https:\/\/www.intothesquare.org\/ro\/wp-json\/wp\/v2\/pages\/698","targetHints":{"allow":["GET"]}}],"collection":[{"href":"https:\/\/www.intothesquare.org\/ro\/wp-json\/wp\/v2\/pages"}],"about":[{"href":"https:\/\/www.intothesquare.org\/ro\/wp-json\/wp\/v2\/types\/page"}],"author":[{"embeddable":true,"href":"https:\/\/www.intothesquare.org\/ro\/wp-json\/wp\/v2\/users\/2"}],"replies":[{"embeddable":true,"href":"https:\/\/www.intothesquare.org\/ro\/wp-json\/wp\/v2\/comments?post=698"}],"version-history":[{"count":0,"href":"https:\/\/www.intothesquare.org\/ro\/wp-json\/wp\/v2\/pages\/698\/revisions"}],"wp:attachment":[{"href":"https:\/\/www.intothesquare.org\/ro\/wp-json\/wp\/v2\/media?parent=698"}],"curies":[{"name":"wp","href":"https:\/\/api.w.org\/{rel}","templated":true}]}}